{"id":5257,"date":"2025-07-14T13:44:48","date_gmt":"2025-07-14T13:44:48","guid":{"rendered":"https:\/\/maggiecofornos.com.br\/?page_id=5257"},"modified":"2025-07-14T13:45:02","modified_gmt":"2025-07-14T13:45:02","slug":"quem-somos","status":"publish","type":"page","link":"https:\/\/maggiecofornos.com.br\/en\/quem-somos\/","title":{"rendered":"About us"},"content":{"rendered":"<section class=\"wpb-content-wrapper\"><div class=\"vc_row wpb_row vc_row-fluid\"><div class=\"wpb_column vc_column_container vc_col-sm-12\"><div class=\"vc_column-inner\"><div class=\"wpb_wrapper\">\n\t<div class=\"wpb_text_column wpb_content_element\" >\n\t\t<div class=\"wpb_wrapper\">\n\t\t\t<h3>Welcome to Maggieco: Excellence in Sustainable Technology<\/h3>\n<p>At Maggieco, we are a company committed to providing innovative and sustainable solutions for agriculture, industry and beyond. Combining our expertise in coal and pyroligneous extract furnaces, we are transforming the business scenario through high quality and environmentally responsible products.<\/p>\n<blockquote><p>\nOur mission is to provide solutions that boost productivity and efficiency, while preserving and respecting the environment. With our precision-engineered Coal Furnaces, we meet the demands of the steel, foundry and heating industries. In addition to providing high-quality fuel, we seek to minimize environmental impact, ensuring controlled and efficient burning of biomass, preserving biodiversity and reducing emissions.\n<\/p><\/blockquote>\n<p>But our dedication to sustainability goes further. Through our Pyroligneous Extract, derived from the wood pyrolysis process, we offer a natural and versatile solution. This valuable liquid, with its volatile organic compounds, finds diverse applications in agriculture, livestock, reforestation, and soil rectification.<br \/>\nAo promover o crescimento saud\u00e1vel das plantas e o controle natural de pragas, contribu\u00edmos para uma produ\u00e7\u00e3o agr\u00edcola mais sustent\u00e1vel e livre de res\u00edduos qu\u00edmicos prejudiciais.<\/p>\n<p>At Maggieco, we believe that innovation and sustainability are inseparable. We constantly seek to improve our processes and products, exploring new ways to drive efficiency and minimize environmental impact. Our qualified and engaged professionals are committed to exceeding our customers' expectations by offering personalized solutions and comprehensive technical support.<\/p>\n<h3><\/h3>\n<p>We are proud to be a part of the movement towards a more sustainable future, creating value for our customers and promoting responsible practices across our operations. At Maggieco, our goal is to be market leaders, driving positive change in our industries and contributing to a greener, more prosperous world.<\/p>\n<p>Contact us today and discover how our Coal and Pyroligneous Extract Furnaces can make a difference in your company. Join the journey towards excellence in sustainable technology with Maggieco.<\/p>\n\n\t\t<\/div>\n\t<\/div>\n<\/div><\/div><\/div><\/div><div class=\"vc_row wpb_row vc_row-fluid vc_row-o-content-middle vc_row-flex\"><div class=\"wpb_column vc_column_container vc_col-sm-6\"><div class=\"vc_column-inner\"><div class=\"wpb_wrapper\">\n\t<div  class=\"wpb_single_image wpb_content_element vc_align_left\">\n\t\t\n\t\t<figure class=\"wpb_wrapper vc_figure\">\n\t\t\t<div class=\"vc_single_image-wrapper   vc_box_border_grey\"><img width=\"1710\" height=\"1140\" src=\"https:\/\/maggiecofornos.com.br\/wp-content\/uploads\/2018\/05\/IGR00289.jpg\" class=\"vc_single_image-img attachment-full\" alt=\"\" decoding=\"async\" loading=\"lazy\" title=\"\" srcset=\"https:\/\/maggiecofornos.com.br\/wp-content\/uploads\/2018\/05\/IGR00289.jpg 1710w, https:\/\/maggiecofornos.com.br\/wp-content\/uploads\/2018\/05\/IGR00289-300x200.jpg 300w, https:\/\/maggiecofornos.com.br\/wp-content\/uploads\/2018\/05\/IGR00289-1024x683.jpg 1024w, https:\/\/maggiecofornos.com.br\/wp-content\/uploads\/2018\/05\/IGR00289-768x512.jpg 768w, https:\/\/maggiecofornos.com.br\/wp-content\/uploads\/2018\/05\/IGR00289-1536x1024.jpg 1536w, https:\/\/maggiecofornos.com.br\/wp-content\/uploads\/2018\/05\/IGR00289-600x400.jpg 600w\" sizes=\"(max-width: 1710px) 100vw, 1710px\" \/><\/div>\n\t\t<\/figure>\n\t<\/div>\n<\/div><\/div><\/div><div class=\"wpb_column vc_column_container vc_col-sm-6\"><div class=\"vc_column-inner\"><div class=\"wpb_wrapper\">\n\t<div class=\"wpb_text_column wpb_content_element\" >\n\t\t<div class=\"wpb_wrapper\">\n\t\t\t<h2>Our story<\/h2>\n\n\t\t<\/div>\n\t<\/div>\n\n\t<div class=\"wpb_text_column wpb_content_element\" >\n\t\t<div class=\"wpb_wrapper\">\n\t\t\t<p>Maggieco Fornos was created in mid-2008, as a family company seeking to offer products of the highest quality, technology and total performance.<\/p>\n<p>We are always looking for new alternatives, we work with different prototypes and projects always aiming at business viability and customer satisfaction.<\/p>\n<p>We at MaggiEcoFornos have our own experience in the handling, quality and efficiency of our products. All items and equipment undergo various tests before being sold, in addition to manufacturing, assembly, marketing, invention and design, everything is handled directly with us, without intermediaries, facilitating the acquisition of this new technology in your property.<\/p>\n\n\t\t<\/div>\n\t<\/div>\n<\/div><\/div><\/div><\/div><div class=\"vc_row wpb_row vc_row-fluid\"><div class=\"wpb_column vc_column_container vc_col-sm-12\"><div class=\"vc_column-inner\"><div class=\"wpb_wrapper\"><div class=\"wpb_gallery wpb_content_element vc_clearfix\" ><div class=\"wpb_wrapper\"><div class=\"wpb_gallery_slides wpb_slider_nivo theme-default\" data-interval=\"3\"><div class=\"nivoSlider\"><a class=\"\" href=\"https:\/\/maggiecofornos.com.br\/wp-content\/uploads\/2018\/05\/IGR00014-1024x683.jpg\" data-lightbox=\"lightbox[rel-5257-3870927642]\"><img width=\"1752\" height=\"1168\" src=\"https:\/\/maggiecofornos.com.br\/wp-content\/uploads\/2018\/05\/IGR00014.jpg\" class=\"attachment-full\" alt=\"\" decoding=\"async\" loading=\"lazy\" title=\"\" srcset=\"https:\/\/maggiecofornos.com.br\/wp-content\/uploads\/2018\/05\/IGR00014.jpg 1752w, https:\/\/maggiecofornos.com.br\/wp-content\/uploads\/2018\/05\/IGR00014-300x200.jpg 300w, https:\/\/maggiecofornos.com.br\/wp-content\/uploads\/2018\/05\/IGR00014-1024x683.jpg 1024w, https:\/\/maggiecofornos.com.br\/wp-content\/uploads\/2018\/05\/IGR00014-768x512.jpg 768w, https:\/\/maggiecofornos.com.br\/wp-content\/uploads\/2018\/05\/IGR00014-1536x1024.jpg 1536w, https:\/\/maggiecofornos.com.br\/wp-content\/uploads\/2018\/05\/IGR00014-600x400.jpg 600w\" sizes=\"(max-width: 1752px) 100vw, 1752px\" \/><\/a><a class=\"\" href=\"https:\/\/maggiecofornos.com.br\/wp-content\/uploads\/2023\/06\/galeria-2-1024x690.jpg\" data-lightbox=\"lightbox[rel-5257-3870927642]\"><img width=\"2560\" height=\"1724\" src=\"https:\/\/maggiecofornos.com.br\/wp-content\/uploads\/2023\/06\/galeria-2-scaled.jpg\" class=\"attachment-full\" alt=\"\" decoding=\"async\" loading=\"lazy\" title=\"\" srcset=\"https:\/\/maggiecofornos.com.br\/wp-content\/uploads\/2023\/06\/galeria-2-scaled.jpg 2560w, https:\/\/maggiecofornos.com.br\/wp-content\/uploads\/2023\/06\/galeria-2-300x202.jpg 300w, https:\/\/maggiecofornos.com.br\/wp-content\/uploads\/2023\/06\/galeria-2-1024x690.jpg 1024w, https:\/\/maggiecofornos.com.br\/wp-content\/uploads\/2023\/06\/galeria-2-768x517.jpg 768w, https:\/\/maggiecofornos.com.br\/wp-content\/uploads\/2023\/06\/galeria-2-1536x1034.jpg 1536w, https:\/\/maggiecofornos.com.br\/wp-content\/uploads\/2023\/06\/galeria-2-2048x1379.jpg 2048w, https:\/\/maggiecofornos.com.br\/wp-content\/uploads\/2023\/06\/galeria-2-600x404.jpg 600w\" sizes=\"(max-width: 2560px) 100vw, 2560px\" \/><\/a><a class=\"\" href=\"https:\/\/maggiecofornos.com.br\/wp-content\/uploads\/2023\/06\/galeria-4-1024x687.jpg\" data-lightbox=\"lightbox[rel-5257-3870927642]\"><img width=\"2560\" height=\"1717\" src=\"https:\/\/maggiecofornos.com.br\/wp-content\/uploads\/2023\/06\/galeria-4-scaled.jpg\" class=\"attachment-full\" alt=\"\" decoding=\"async\" loading=\"lazy\" title=\"\" srcset=\"https:\/\/maggiecofornos.com.br\/wp-content\/uploads\/2023\/06\/galeria-4-scaled.jpg 2560w, https:\/\/maggiecofornos.com.br\/wp-content\/uploads\/2023\/06\/galeria-4-300x201.jpg 300w, https:\/\/maggiecofornos.com.br\/wp-content\/uploads\/2023\/06\/galeria-4-1024x687.jpg 1024w, https:\/\/maggiecofornos.com.br\/wp-content\/uploads\/2023\/06\/galeria-4-768x515.jpg 768w, https:\/\/maggiecofornos.com.br\/wp-content\/uploads\/2023\/06\/galeria-4-1536x1030.jpg 1536w, https:\/\/maggiecofornos.com.br\/wp-content\/uploads\/2023\/06\/galeria-4-2048x1373.jpg 2048w, https:\/\/maggiecofornos.com.br\/wp-content\/uploads\/2023\/06\/galeria-4-600x402.jpg 600w\" sizes=\"(max-width: 2560px) 100vw, 2560px\" \/><\/a><a class=\"\" href=\"https:\/\/maggiecofornos.com.br\/wp-content\/uploads\/2018\/05\/IGR00087-1024x683.jpg\" data-lightbox=\"lightbox[rel-5257-3870927642]\"><img width=\"1752\" height=\"1168\" src=\"https:\/\/maggiecofornos.com.br\/wp-content\/uploads\/2018\/05\/IGR00087.jpg\" class=\"attachment-full\" alt=\"\" decoding=\"async\" loading=\"lazy\" title=\"\" srcset=\"https:\/\/maggiecofornos.com.br\/wp-content\/uploads\/2018\/05\/IGR00087.jpg 1752w, https:\/\/maggiecofornos.com.br\/wp-content\/uploads\/2018\/05\/IGR00087-300x200.jpg 300w, https:\/\/maggiecofornos.com.br\/wp-content\/uploads\/2018\/05\/IGR00087-1024x683.jpg 1024w, https:\/\/maggiecofornos.com.br\/wp-content\/uploads\/2018\/05\/IGR00087-768x512.jpg 768w, https:\/\/maggiecofornos.com.br\/wp-content\/uploads\/2018\/05\/IGR00087-1536x1024.jpg 1536w, https:\/\/maggiecofornos.com.br\/wp-content\/uploads\/2018\/05\/IGR00087-600x400.jpg 600w\" sizes=\"(max-width: 1752px) 100vw, 1752px\" \/><\/a><a class=\"\" href=\"https:\/\/maggiecofornos.com.br\/wp-content\/uploads\/2018\/05\/IGR00092-1024x683.jpg\" data-lightbox=\"lightbox[rel-5257-3870927642]\"><img width=\"1752\" height=\"1168\" src=\"https:\/\/maggiecofornos.com.br\/wp-content\/uploads\/2018\/05\/IGR00092.jpg\" class=\"attachment-full\" alt=\"\" decoding=\"async\" loading=\"lazy\" title=\"\" srcset=\"https:\/\/maggiecofornos.com.br\/wp-content\/uploads\/2018\/05\/IGR00092.jpg 1752w, https:\/\/maggiecofornos.com.br\/wp-content\/uploads\/2018\/05\/IGR00092-300x200.jpg 300w, https:\/\/maggiecofornos.com.br\/wp-content\/uploads\/2018\/05\/IGR00092-1024x683.jpg 1024w, https:\/\/maggiecofornos.com.br\/wp-content\/uploads\/2018\/05\/IGR00092-768x512.jpg 768w, https:\/\/maggiecofornos.com.br\/wp-content\/uploads\/2018\/05\/IGR00092-1536x1024.jpg 1536w, https:\/\/maggiecofornos.com.br\/wp-content\/uploads\/2018\/05\/IGR00092-600x400.jpg 600w\" sizes=\"(max-width: 1752px) 100vw, 1752px\" \/><\/a><a class=\"\" href=\"https:\/\/maggiecofornos.com.br\/wp-content\/uploads\/2018\/05\/IGR00120-1024x683.jpg\" data-lightbox=\"lightbox[rel-5257-3870927642]\"><img width=\"1752\" height=\"1168\" src=\"https:\/\/maggiecofornos.com.br\/wp-content\/uploads\/2018\/05\/IGR00120.jpg\" class=\"attachment-full\" alt=\"\" decoding=\"async\" loading=\"lazy\" title=\"\" srcset=\"https:\/\/maggiecofornos.com.br\/wp-content\/uploads\/2018\/05\/IGR00120.jpg 1752w, https:\/\/maggiecofornos.com.br\/wp-content\/uploads\/2018\/05\/IGR00120-300x200.jpg 300w, https:\/\/maggiecofornos.com.br\/wp-content\/uploads\/2018\/05\/IGR00120-1024x683.jpg 1024w, https:\/\/maggiecofornos.com.br\/wp-content\/uploads\/2018\/05\/IGR00120-768x512.jpg 768w, https:\/\/maggiecofornos.com.br\/wp-content\/uploads\/2018\/05\/IGR00120-1536x1024.jpg 1536w, https:\/\/maggiecofornos.com.br\/wp-content\/uploads\/2018\/05\/IGR00120-600x400.jpg 600w\" sizes=\"(max-width: 1752px) 100vw, 1752px\" \/><\/a><a class=\"\" href=\"https:\/\/maggiecofornos.com.br\/wp-content\/uploads\/2018\/05\/IGR00131-1024x683.jpg\" data-lightbox=\"lightbox[rel-5257-3870927642]\"><img width=\"1752\" height=\"1168\" src=\"https:\/\/maggiecofornos.com.br\/wp-content\/uploads\/2018\/05\/IGR00131.jpg\" class=\"attachment-full\" alt=\"\" decoding=\"async\" loading=\"lazy\" title=\"\" srcset=\"https:\/\/maggiecofornos.com.br\/wp-content\/uploads\/2018\/05\/IGR00131.jpg 1752w, https:\/\/maggiecofornos.com.br\/wp-content\/uploads\/2018\/05\/IGR00131-300x200.jpg 300w, https:\/\/maggiecofornos.com.br\/wp-content\/uploads\/2018\/05\/IGR00131-1024x683.jpg 1024w, https:\/\/maggiecofornos.com.br\/wp-content\/uploads\/2018\/05\/IGR00131-768x512.jpg 768w, https:\/\/maggiecofornos.com.br\/wp-content\/uploads\/2018\/05\/IGR00131-1536x1024.jpg 1536w, https:\/\/maggiecofornos.com.br\/wp-content\/uploads\/2018\/05\/IGR00131-600x400.jpg 600w\" sizes=\"(max-width: 1752px) 100vw, 1752px\" \/><\/a><a class=\"\" href=\"https:\/\/maggiecofornos.com.br\/wp-content\/uploads\/2018\/05\/IGR00138-1024x683.jpg\" data-lightbox=\"lightbox[rel-5257-3870927642]\"><img width=\"1752\" height=\"1168\" src=\"https:\/\/maggiecofornos.com.br\/wp-content\/uploads\/2018\/05\/IGR00138.jpg\" class=\"attachment-full\" alt=\"\" decoding=\"async\" loading=\"lazy\" title=\"\" srcset=\"https:\/\/maggiecofornos.com.br\/wp-content\/uploads\/2018\/05\/IGR00138.jpg 1752w, https:\/\/maggiecofornos.com.br\/wp-content\/uploads\/2018\/05\/IGR00138-300x200.jpg 300w, https:\/\/maggiecofornos.com.br\/wp-content\/uploads\/2018\/05\/IGR00138-1024x683.jpg 1024w, https:\/\/maggiecofornos.com.br\/wp-content\/uploads\/2018\/05\/IGR00138-768x512.jpg 768w, https:\/\/maggiecofornos.com.br\/wp-content\/uploads\/2018\/05\/IGR00138-1536x1024.jpg 1536w, https:\/\/maggiecofornos.com.br\/wp-content\/uploads\/2018\/05\/IGR00138-600x400.jpg 600w\" sizes=\"(max-width: 1752px) 100vw, 1752px\" \/><\/a><a class=\"\" href=\"https:\/\/maggiecofornos.com.br\/wp-content\/uploads\/2018\/05\/IGR00144-1024x683.jpg\" data-lightbox=\"lightbox[rel-5257-3870927642]\"><img width=\"1752\" height=\"1168\" src=\"https:\/\/maggiecofornos.com.br\/wp-content\/uploads\/2018\/05\/IGR00144.jpg\" class=\"attachment-full\" alt=\"\" decoding=\"async\" loading=\"lazy\" title=\"\" srcset=\"https:\/\/maggiecofornos.com.br\/wp-content\/uploads\/2018\/05\/IGR00144.jpg 1752w, https:\/\/maggiecofornos.com.br\/wp-content\/uploads\/2018\/05\/IGR00144-300x200.jpg 300w, https:\/\/maggiecofornos.com.br\/wp-content\/uploads\/2018\/05\/IGR00144-1024x683.jpg 1024w, https:\/\/maggiecofornos.com.br\/wp-content\/uploads\/2018\/05\/IGR00144-768x512.jpg 768w, https:\/\/maggiecofornos.com.br\/wp-content\/uploads\/2018\/05\/IGR00144-1536x1024.jpg 1536w, https:\/\/maggiecofornos.com.br\/wp-content\/uploads\/2018\/05\/IGR00144-600x400.jpg 600w\" sizes=\"(max-width: 1752px) 100vw, 1752px\" \/><\/a><a class=\"\" href=\"https:\/\/maggiecofornos.com.br\/wp-content\/uploads\/2018\/05\/IGR00159-1024x683.jpg\" data-lightbox=\"lightbox[rel-5257-3870927642]\"><img width=\"1752\" height=\"1168\" src=\"https:\/\/maggiecofornos.com.br\/wp-content\/uploads\/2018\/05\/IGR00159.jpg\" class=\"attachment-full\" alt=\"\" decoding=\"async\" loading=\"lazy\" title=\"\" srcset=\"https:\/\/maggiecofornos.com.br\/wp-content\/uploads\/2018\/05\/IGR00159.jpg 1752w, https:\/\/maggiecofornos.com.br\/wp-content\/uploads\/2018\/05\/IGR00159-300x200.jpg 300w, https:\/\/maggiecofornos.com.br\/wp-content\/uploads\/2018\/05\/IGR00159-1024x683.jpg 1024w, https:\/\/maggiecofornos.com.br\/wp-content\/uploads\/2018\/05\/IGR00159-768x512.jpg 768w, https:\/\/maggiecofornos.com.br\/wp-content\/uploads\/2018\/05\/IGR00159-1536x1024.jpg 1536w, https:\/\/maggiecofornos.com.br\/wp-content\/uploads\/2018\/05\/IGR00159-600x400.jpg 600w\" sizes=\"(max-width: 1752px) 100vw, 1752px\" \/><\/a><a class=\"\" href=\"https:\/\/maggiecofornos.com.br\/wp-content\/uploads\/2018\/05\/IGR00172-1024x683.jpg\" data-lightbox=\"lightbox[rel-5257-3870927642]\"><img width=\"1713\" height=\"1142\" src=\"https:\/\/maggiecofornos.com.br\/wp-content\/uploads\/2018\/05\/IGR00172.jpg\" class=\"attachment-full\" alt=\"\" decoding=\"async\" loading=\"lazy\" title=\"\" srcset=\"https:\/\/maggiecofornos.com.br\/wp-content\/uploads\/2018\/05\/IGR00172.jpg 1713w, https:\/\/maggiecofornos.com.br\/wp-content\/uploads\/2018\/05\/IGR00172-300x200.jpg 300w, https:\/\/maggiecofornos.com.br\/wp-content\/uploads\/2018\/05\/IGR00172-1024x683.jpg 1024w, https:\/\/maggiecofornos.com.br\/wp-content\/uploads\/2018\/05\/IGR00172-768x512.jpg 768w, https:\/\/maggiecofornos.com.br\/wp-content\/uploads\/2018\/05\/IGR00172-1536x1024.jpg 1536w, https:\/\/maggiecofornos.com.br\/wp-content\/uploads\/2018\/05\/IGR00172-600x400.jpg 600w\" sizes=\"(max-width: 1713px) 100vw, 1713px\" \/><\/a><a class=\"\" href=\"https:\/\/maggiecofornos.com.br\/wp-content\/uploads\/2018\/05\/IGR00182-1024x683.jpg\" data-lightbox=\"lightbox[rel-5257-3870927642]\"><img width=\"1752\" height=\"1168\" src=\"https:\/\/maggiecofornos.com.br\/wp-content\/uploads\/2018\/05\/IGR00182.jpg\" class=\"attachment-full\" alt=\"\" decoding=\"async\" loading=\"lazy\" title=\"\" srcset=\"https:\/\/maggiecofornos.com.br\/wp-content\/uploads\/2018\/05\/IGR00182.jpg 1752w, https:\/\/maggiecofornos.com.br\/wp-content\/uploads\/2018\/05\/IGR00182-300x200.jpg 300w, https:\/\/maggiecofornos.com.br\/wp-content\/uploads\/2018\/05\/IGR00182-1024x683.jpg 1024w, https:\/\/maggiecofornos.com.br\/wp-content\/uploads\/2018\/05\/IGR00182-768x512.jpg 768w, https:\/\/maggiecofornos.com.br\/wp-content\/uploads\/2018\/05\/IGR00182-1536x1024.jpg 1536w, https:\/\/maggiecofornos.com.br\/wp-content\/uploads\/2018\/05\/IGR00182-600x400.jpg 600w\" sizes=\"(max-width: 1752px) 100vw, 1752px\" \/><\/a><a class=\"\" href=\"https:\/\/maggiecofornos.com.br\/wp-content\/uploads\/2018\/05\/IGR00219-1024x683.jpg\" data-lightbox=\"lightbox[rel-5257-3870927642]\"><img width=\"1752\" height=\"1168\" src=\"https:\/\/maggiecofornos.com.br\/wp-content\/uploads\/2018\/05\/IGR00219.jpg\" class=\"attachment-full\" alt=\"\" decoding=\"async\" loading=\"lazy\" title=\"\" srcset=\"https:\/\/maggiecofornos.com.br\/wp-content\/uploads\/2018\/05\/IGR00219.jpg 1752w, https:\/\/maggiecofornos.com.br\/wp-content\/uploads\/2018\/05\/IGR00219-300x200.jpg 300w, https:\/\/maggiecofornos.com.br\/wp-content\/uploads\/2018\/05\/IGR00219-1024x683.jpg 1024w, https:\/\/maggiecofornos.com.br\/wp-content\/uploads\/2018\/05\/IGR00219-768x512.jpg 768w, https:\/\/maggiecofornos.com.br\/wp-content\/uploads\/2018\/05\/IGR00219-1536x1024.jpg 1536w, https:\/\/maggiecofornos.com.br\/wp-content\/uploads\/2018\/05\/IGR00219-600x400.jpg 600w\" sizes=\"(max-width: 1752px) 100vw, 1752px\" \/><\/a><a class=\"\" href=\"https:\/\/maggiecofornos.com.br\/wp-content\/uploads\/2023\/06\/galeria-1-1024x642.jpg\" data-lightbox=\"lightbox[rel-5257-3870927642]\"><img width=\"2560\" height=\"1605\" src=\"https:\/\/maggiecofornos.com.br\/wp-content\/uploads\/2023\/06\/galeria-1-scaled.jpg\" class=\"attachment-full\" alt=\"\" decoding=\"async\" loading=\"lazy\" title=\"\" srcset=\"https:\/\/maggiecofornos.com.br\/wp-content\/uploads\/2023\/06\/galeria-1-scaled.jpg 2560w, https:\/\/maggiecofornos.com.br\/wp-content\/uploads\/2023\/06\/galeria-1-300x188.jpg 300w, https:\/\/maggiecofornos.com.br\/wp-content\/uploads\/2023\/06\/galeria-1-1024x642.jpg 1024w, https:\/\/maggiecofornos.com.br\/wp-content\/uploads\/2023\/06\/galeria-1-768x482.jpg 768w, https:\/\/maggiecofornos.com.br\/wp-content\/uploads\/2023\/06\/galeria-1-1536x963.jpg 1536w, https:\/\/maggiecofornos.com.br\/wp-content\/uploads\/2023\/06\/galeria-1-2048x1284.jpg 2048w, https:\/\/maggiecofornos.com.br\/wp-content\/uploads\/2023\/06\/galeria-1-600x376.jpg 600w\" sizes=\"(max-width: 2560px) 100vw, 2560px\" \/><\/a><a class=\"\" href=\"https:\/\/maggiecofornos.com.br\/wp-content\/uploads\/2018\/05\/IGR00248-1024x683.jpg\" data-lightbox=\"lightbox[rel-5257-3870927642]\"><img width=\"1752\" height=\"1168\" src=\"https:\/\/maggiecofornos.com.br\/wp-content\/uploads\/2018\/05\/IGR00248.jpg\" class=\"attachment-full\" alt=\"\" decoding=\"async\" loading=\"lazy\" title=\"\" srcset=\"https:\/\/maggiecofornos.com.br\/wp-content\/uploads\/2018\/05\/IGR00248.jpg 1752w, https:\/\/maggiecofornos.com.br\/wp-content\/uploads\/2018\/05\/IGR00248-300x200.jpg 300w, https:\/\/maggiecofornos.com.br\/wp-content\/uploads\/2018\/05\/IGR00248-1024x683.jpg 1024w, https:\/\/maggiecofornos.com.br\/wp-content\/uploads\/2018\/05\/IGR00248-768x512.jpg 768w, https:\/\/maggiecofornos.com.br\/wp-content\/uploads\/2018\/05\/IGR00248-1536x1024.jpg 1536w, https:\/\/maggiecofornos.com.br\/wp-content\/uploads\/2018\/05\/IGR00248-600x400.jpg 600w\" sizes=\"(max-width: 1752px) 100vw, 1752px\" \/><\/a><a class=\"\" href=\"https:\/\/maggiecofornos.com.br\/wp-content\/uploads\/2018\/05\/IGR00274-1024x683.jpg\" data-lightbox=\"lightbox[rel-5257-3870927642]\"><img width=\"1716\" height=\"1144\" src=\"https:\/\/maggiecofornos.com.br\/wp-content\/uploads\/2018\/05\/IGR00274.jpg\" class=\"attachment-full\" alt=\"\" decoding=\"async\" loading=\"lazy\" title=\"\" srcset=\"https:\/\/maggiecofornos.com.br\/wp-content\/uploads\/2018\/05\/IGR00274.jpg 1716w, https:\/\/maggiecofornos.com.br\/wp-content\/uploads\/2018\/05\/IGR00274-300x200.jpg 300w, https:\/\/maggiecofornos.com.br\/wp-content\/uploads\/2018\/05\/IGR00274-1024x683.jpg 1024w, https:\/\/maggiecofornos.com.br\/wp-content\/uploads\/2018\/05\/IGR00274-768x512.jpg 768w, https:\/\/maggiecofornos.com.br\/wp-content\/uploads\/2018\/05\/IGR00274-1536x1024.jpg 1536w, https:\/\/maggiecofornos.com.br\/wp-content\/uploads\/2018\/05\/IGR00274-600x400.jpg 600w\" sizes=\"(max-width: 1716px) 100vw, 1716px\" \/><\/a><a class=\"\" href=\"https:\/\/maggiecofornos.com.br\/wp-content\/uploads\/2018\/05\/IGR00289-1024x683.jpg\" data-lightbox=\"lightbox[rel-5257-3870927642]\"><img width=\"1710\" height=\"1140\" src=\"https:\/\/maggiecofornos.com.br\/wp-content\/uploads\/2018\/05\/IGR00289.jpg\" class=\"attachment-full\" alt=\"\" decoding=\"async\" loading=\"lazy\" title=\"\" srcset=\"https:\/\/maggiecofornos.com.br\/wp-content\/uploads\/2018\/05\/IGR00289.jpg 1710w, https:\/\/maggiecofornos.com.br\/wp-content\/uploads\/2018\/05\/IGR00289-300x200.jpg 300w, https:\/\/maggiecofornos.com.br\/wp-content\/uploads\/2018\/05\/IGR00289-1024x683.jpg 1024w, https:\/\/maggiecofornos.com.br\/wp-content\/uploads\/2018\/05\/IGR00289-768x512.jpg 768w, https:\/\/maggiecofornos.com.br\/wp-content\/uploads\/2018\/05\/IGR00289-1536x1024.jpg 1536w, https:\/\/maggiecofornos.com.br\/wp-content\/uploads\/2018\/05\/IGR00289-600x400.jpg 600w\" sizes=\"(max-width: 1710px) 100vw, 1710px\" \/><\/a><\/div><\/div><\/div><\/div><\/div><\/div><\/div><\/div>\n<\/section>","protected":false},"excerpt":{"rendered":"Bem-vindo \u00e0 Maggieco: Excel\u00eancia em Tecnologia Sustent\u00e1vel Na Maggieco, somos uma empresa comprometida em fornecer solu\u00e7\u00f5es inovadoras e sustent\u00e1veis para agricultura, ind\u00fastria e al\u00e9m. Combinando nossa expertise em fornos para [...]","protected":false},"author":1,"featured_media":0,"parent":0,"menu_order":0,"comment_status":"closed","ping_status":"closed","template":"","meta":[],"_links":{"self":[{"href":"https:\/\/maggiecofornos.com.br\/en\/wp-json\/wp\/v2\/pages\/5257"}],"collection":[{"href":"https:\/\/maggiecofornos.com.br\/en\/wp-json\/wp\/v2\/pages"}],"about":[{"href":"https:\/\/maggiecofornos.com.br\/en\/wp-json\/wp\/v2\/types\/page"}],"author":[{"embeddable":true,"href":"https:\/\/maggiecofornos.com.br\/en\/wp-json\/wp\/v2\/users\/1"}],"replies":[{"embeddable":true,"href":"https:\/\/maggiecofornos.com.br\/en\/wp-json\/wp\/v2\/comments?post=5257"}],"version-history":[{"count":4,"href":"https:\/\/maggiecofornos.com.br\/en\/wp-json\/wp\/v2\/pages\/5257\/revisions"}],"predecessor-version":[{"id":5262,"href":"https:\/\/maggiecofornos.com.br\/en\/wp-json\/wp\/v2\/pages\/5257\/revisions\/5262"}],"wp:attachment":[{"href":"https:\/\/maggiecofornos.com.br\/en\/wp-json\/wp\/v2\/media?parent=5257"}],"curies":[{"name":"wp","href":"https:\/\/api.w.org\/{rel}","templated":true}]}}