{"id":5264,"date":"2025-07-14T13:51:43","date_gmt":"2025-07-14T13:51:43","guid":{"rendered":"https:\/\/maggiecofornos.com.br\/?page_id=5264"},"modified":"2025-07-14T14:00:30","modified_gmt":"2025-07-14T14:00:30","slug":"extrato-pirolenhoso","status":"publish","type":"page","link":"https:\/\/maggiecofornos.com.br\/en\/extrato-pirolenhoso\/","title":{"rendered":"Pyroligneous Extract"},"content":{"rendered":"<section class=\"wpb-content-wrapper\"><div class=\"vc_row wpb_row vc_row-fluid\"><div class=\"wpb_column vc_column_container vc_col-sm-5 vc_col-lg-4 vc_col-md-6 vc_col-xs-12\"><div class=\"vc_column-inner\"><div class=\"wpb_wrapper\"><div class=\"heading  heading-large default align-left color-black transform-default   vc_custom_1686685573673 heading-tag-h4\" id=\"like_sc_header_77840430\"><h4 class=\"header ltx-sr-id-like_sc_header_77840430473164244 ltx-sr ltx-sr-effect-fade_in ltx-sr-el-block ltx-sr-delay-0 ltx-sr-duration-1000 ltx-sr-sequences-0\">The Product<\/h4><\/div>\n\t<div class=\"wpb_text_column wpb_content_element\" >\n\t\t<div class=\"wpb_wrapper\">\n\t\t\t<div id=\"comp-l9c2ufak\" class=\"KcpHeO tz5f0K comp-l9c2ufak wixui-rich-text\" data-testid=\"richTextElement\"><\/div>\n<div id=\"comp-l9c2w938\" class=\"KcpHeO tz5f0K comp-l9c2w938 wixui-rich-text\" data-testid=\"richTextElement\">\n<p class=\"font_8 wixui-rich-text__text\">Pyroligneous acid, also known as \u201cpyroligneous extract\u201d, is an ancient product used in Japanese culture. Obtained from the condensation of gasses from the carbonization of wood during the production of charcoal. The result of this work is the chemical characterization of an acid extract, a highly nutritious and beneficial product for different types of crops, contributing to agriculture in a more sustainable and economical way.<\/p>\n<\/div>\n\n\t\t<\/div>\n\t<\/div>\n<div class=\"heading  heading-large default align-left color-black transform-default   vc_custom_1686686801410 heading-tag-h4\" id=\"like_sc_header_802092495\"><h4 class=\"header ltx-sr-id-like_sc_header_802092495853543132 ltx-sr ltx-sr-effect-fade_in ltx-sr-el-block ltx-sr-delay-0 ltx-sr-duration-1000 ltx-sr-sequences-0\">Extraction<\/h4><\/div>\n\t<div class=\"wpb_text_column wpb_content_element\" >\n\t\t<div class=\"wpb_wrapper\">\n\t\t\t<p class=\"font_8 wixui-rich-text__text\">The Pyroligneous Extract extracted from our ecological oven has a much higher purity, with balanced PH levels. This gives the extract a much better quality than that obtained in a country oven, for example.<\/p>\n<p class=\"font_8 wixui-rich-text__text\"><span class=\"wixGuard wixui-rich-text__text\">\u200b<\/span>\u200bIf you've tried Pyroligneous Extract and it didn't work, chances are its purity is questionable. Test our product and see the difference!<\/p>\n\n\t\t<\/div>\n\t<\/div>\n<div class=\"btn-wrap\"><a href=\"https:\/\/wa.me\/5519998842007\" class=\"btn  btn-default color-hover-default api-infos-body-card-btn\" id=\"like_sc_button_70948761\">Order now!<\/a><\/div><div class=\"es-resp\">\t<div class=\"visible-xl\" style=\"height: 0px;\"><\/div>\t<div class=\"hidden-xl hidden-md hidden-sm hidden-ms hidden-xs\" style=\"height: 0px;\"><\/div>\t<div class=\"visible-md\" style=\"height: 0px;\"><\/div>\t<div class=\"visible-sm\" style=\"height: 32px;\"><\/div>\t<div class=\"visible-ms\" style=\"height: 32px;\"><\/div>\t<div class=\"visible-xs\" style=\"height: 32px;\"><\/div><\/div><\/div><\/div><\/div><div class=\"wpb_column vc_column_container vc_col-sm-7 vc_col-lg-4 vc_col-md-6 vc_col-xs-12\"><div class=\"vc_column-inner\"><div class=\"wpb_wrapper\">\n\t<div class=\"wpb_text_column wpb_content_element\" >\n\t\t<div class=\"wpb_wrapper\">\n\t\t\t<div style=\"width: 480px;\" class=\"wp-video\"><!--[if lt IE 9]><script>document.createElement('video');<\/script><![endif]-->\n<video class=\"wp-video-shortcode\" id=\"video-5264-1\" width=\"480\" height=\"848\" preload=\"metadata\" controls=\"controls\"><source type=\"video\/mp4\" src=\"https:\/\/maggiecofornos.com.br\/wp-content\/uploads\/2017\/09\/EXTRATO-1.mp4?_=1\" \/><a href=\"https:\/\/maggiecofornos.com.br\/wp-content\/uploads\/2017\/09\/EXTRATO-1.mp4\">https:\/\/maggiecofornos.com.br\/wp-content\/uploads\/2017\/09\/EXTRATO-1.mp4<\/a><\/video><\/div>\n<div id=\"comp-l9c2ufak\" class=\"KcpHeO tz5f0K comp-l9c2ufak wixui-rich-text\" data-testid=\"richTextElement\">\n<p class=\"font_8 wixui-rich-text__text\">\n<\/div>\n\n\t\t<\/div>\n\t<\/div>\n<\/div><\/div><\/div><div class=\"wpb_column vc_column_container vc_col-sm-12 vc_col-lg-4 vc_col-md-12 vc_col-xs-12\"><div class=\"vc_column-inner\"><div class=\"wpb_wrapper\"><div class=\"heading  default align-left color-black transform-default heading-tag-h4\" id=\"like_sc_header_1877917772\"><h4 class=\"header ltx-sr-id-like_sc_header_18779177721154558554 ltx-sr ltx-sr-effect-fade_in ltx-sr-el-block ltx-sr-delay-0 ltx-sr-duration-1000 ltx-sr-sequences-0\">Benefits<\/h4><\/div><div class=\"vc_tta-container\" data-vc-action=\"collapse\"><div class=\"vc_general vc_tta vc_tta-accordion vc_tta-color-grey vc_tta-style-classic vc_tta-shape-rounded vc_tta-o-shape-group vc_tta-controls-align-left\"><div class=\"vc_tta-panels-container\"><div class=\"vc_tta-panels\"><div class=\"vc_tta-panel vc_active\" id=\"1505645280638-88d626dd-7fdbaf25-79b6\" data-vc-content=\".vc_tta-panel-body\"><div class=\"vc_tta-panel-heading\"><h4 class=\"vc_tta-panel-title vc_tta-controls-icon-position-left\"><a href=\"#1505645280638-88d626dd-7fdbaf25-79b6\" data-vc-accordion data-vc-container=\".vc_tta-container\"><span class=\"vc_tta-title-text\">Improves plant development:<\/span><i class=\"vc_tta-controls-icon vc_tta-controls-icon-plus\"><\/i><\/a><\/h4><\/div><div class=\"vc_tta-panel-body\">\n\t<div class=\"wpb_text_column wpb_content_element\" >\n\t\t<div class=\"wpb_wrapper\">\n\t\t\t<p class=\"font_8 wixui-rich-text__text\">\u00a0Enrichment with micro and macronutrients promotes adequate growth and development of plants, improving cell walls (B) and cell membranes (B, Zn), as constituents of enzymes (Fe, Mn, Cu, Ni), as enzyme activators (Mn, Zn), and in photosynthesis (Fe, Cu, Mn, Cl).<\/p>\n\n\t\t<\/div>\n\t<\/div>\n<\/div><\/div><div class=\"vc_tta-panel\" id=\"1505645320855-3c46cb2d-400eaf25-79b6\" data-vc-content=\".vc_tta-panel-body\"><div class=\"vc_tta-panel-heading\"><h4 class=\"vc_tta-panel-title vc_tta-controls-icon-position-left\"><a href=\"#1505645320855-3c46cb2d-400eaf25-79b6\" data-vc-accordion data-vc-container=\".vc_tta-container\"><span class=\"vc_tta-title-text\">Greater resistance to diseases:<\/span><i class=\"vc_tta-controls-icon vc_tta-controls-icon-plus\"><\/i><\/a><\/h4><\/div><div class=\"vc_tta-panel-body\">\n\t<div class=\"wpb_text_column wpb_content_element\" >\n\t\t<div class=\"wpb_wrapper\">\n\t\t\t<p class=\"font_8 wixui-rich-text__text\">\u00a0The use of pyroligneous extract to combat pests and diseases in agriculture is directly linked to the joint care of nutrition and metabolism, resulting in the improvement of natural defenses - even under attack by pathogens, plants are able to maintain a good level of health and ensure a good productivity.<\/p>\n\n\t\t<\/div>\n\t<\/div>\n<\/div><\/div><div class=\"vc_tta-panel\" id=\"1505645319802-575aaac5-2bfdaf25-79b6\" data-vc-content=\".vc_tta-panel-body\"><div class=\"vc_tta-panel-heading\"><h4 class=\"vc_tta-panel-title vc_tta-controls-icon-position-left\"><a href=\"#1505645319802-575aaac5-2bfdaf25-79b6\" data-vc-accordion data-vc-container=\".vc_tta-container\"><span class=\"vc_tta-title-text\">Repellent effect:<\/span><i class=\"vc_tta-controls-icon vc_tta-controls-icon-plus\"><\/i><\/a><\/h4><\/div><div class=\"vc_tta-panel-body\">\n\t<div class=\"wpb_text_column wpb_content_element\" >\n\t\t<div class=\"wpb_wrapper\">\n\t\t\t<p class=\"font_8 wixui-rich-text__text\">\u00a0Offers repellency to various pests and animals such as aphids, thrips, flies, moths, birds, bats, rodents, etc.<\/p>\n\n\t\t<\/div>\n\t<\/div>\n<\/div><\/div><div class=\"vc_tta-panel\" id=\"1686687193716-cdcce432-329aaf25-79b6\" data-vc-content=\".vc_tta-panel-body\"><div class=\"vc_tta-panel-heading\"><h4 class=\"vc_tta-panel-title vc_tta-controls-icon-position-left\"><a href=\"#1686687193716-cdcce432-329aaf25-79b6\" data-vc-accordion data-vc-container=\".vc_tta-container\"><span class=\"vc_tta-title-text\">Facilitator for nutrient absorption:<\/span><i class=\"vc_tta-controls-icon vc_tta-controls-icon-plus\"><\/i><\/a><\/h4><\/div><div class=\"vc_tta-panel-body\">\n\t<div class=\"wpb_text_column wpb_content_element\" >\n\t\t<div class=\"wpb_wrapper\">\n\t\t\t<p class=\"font_8 wixui-rich-text__text\">\u00a0The pyroligneous extract naturally contributes to the nutrition of plantations in an intensified way, facilitating the transport of nutrients.<\/p>\n\n\t\t<\/div>\n\t<\/div>\n<\/div><\/div><div class=\"vc_tta-panel\" id=\"1686687223158-983611dd-c6a3af25-79b6\" data-vc-content=\".vc_tta-panel-body\"><div class=\"vc_tta-panel-heading\"><h4 class=\"vc_tta-panel-title vc_tta-controls-icon-position-left\"><a href=\"#1686687223158-983611dd-c6a3af25-79b6\" data-vc-accordion data-vc-container=\".vc_tta-container\"><span class=\"vc_tta-title-text\">PH Adjustment:<\/span><i class=\"vc_tta-controls-icon vc_tta-controls-icon-plus\"><\/i><\/a><\/h4><\/div><div class=\"vc_tta-panel-body\">\n\t<div class=\"wpb_text_column wpb_content_element\" >\n\t\t<div class=\"wpb_wrapper\">\n\t\t\t<p class=\"font_8 wixui-rich-text__text\">\u00a0Due to its acidic nature, it can be added when diluting chemical pesticides to adjust the pH to the ideal level. The vast majority of agricultural pesticides require a stable pH to guarantee high efficiency. The organic acids present in the pyroligneous extract adjust and stabilize the pH, ensuring the efficiency of its active ingredients.<\/p>\n\n\t\t<\/div>\n\t<\/div>\n<\/div><\/div><div class=\"vc_tta-panel\" id=\"1686687245509-c9bd0a02-1cddaf25-79b6\" data-vc-content=\".vc_tta-panel-body\"><div class=\"vc_tta-panel-heading\"><h4 class=\"vc_tta-panel-title vc_tta-controls-icon-position-left\"><a href=\"#1686687245509-c9bd0a02-1cddaf25-79b6\" data-vc-accordion data-vc-container=\".vc_tta-container\"><span class=\"vc_tta-title-text\">Biological Soil Stimulant:<\/span><i class=\"vc_tta-controls-icon vc_tta-controls-icon-plus\"><\/i><\/a><\/h4><\/div><div class=\"vc_tta-panel-body\">\n\t<div class=\"wpb_text_column wpb_content_element\" >\n\t\t<div class=\"wpb_wrapper\">\n\t\t\t<p class=\"font_8 wixui-rich-text__text\">\u00a0The extract promotes the physical-chemical and biological regeneration of the soil, controlling pests and diseases, favoring the germination and growth of organisms highly beneficial to crops.<\/p>\n\n\t\t<\/div>\n\t<\/div>\n<\/div><\/div><\/div><\/div><\/div><\/div><\/div><\/div><\/div><\/div><div class=\"vc_row wpb_row vc_row-fluid\"><div class=\"wpb_column vc_column_container vc_col-sm-12\"><div class=\"vc_column-inner\"><div class=\"wpb_wrapper\">\n\t<div class=\"wpb_text_column wpb_content_element\" >\n\t\t<div class=\"wpb_wrapper\">\n\t\t\t<div id=\"comp-l9c2ufak\" class=\"KcpHeO tz5f0K comp-l9c2ufak wixui-rich-text\" style=\"text-align: center;\" data-testid=\"richTextElement\">THE BENEFITS OF PYROLIGNEOUS EXTRACT ARE DUE TO THE MAIN COMPOUNDS PRESENT IN IT, ACTING SYNERGICALLY, PROVIDING AN INCREASE IN DRY MASS PRODUCTION, LEAF AREA, HEIGHT OF PLANTS, ROOTS, FRUITS, PEST REPELLENCE AND OTHERS.<\/div>\n\n\t\t<\/div>\n\t<\/div>\n<div class=\"heading  heading-large default align-left color-black transform-default   vc_custom_1686687608167 heading-tag-h4\" id=\"like_sc_header_2077420625\"><h4 class=\"header ltx-sr-id-like_sc_header_20774206251357361238 ltx-sr ltx-sr-effect-fade_in ltx-sr-el-block ltx-sr-delay-0 ltx-sr-duration-1000 ltx-sr-sequences-0\">Recommendations<\/h4><\/div>\n\t<div class=\"wpb_text_column wpb_content_element\" >\n\t\t<div class=\"wpb_wrapper\">\n\t\t\t<p>Pyroligneous extract solutions in different concentrations are recommended for the control of fungal diseases, mites, insects and nematodes on different plants, applied both via foliar spray and directly to the soil.<\/p>\n<p>The extract can be mixed with various nutrients to control diseases and pests; when sprayed on plants, it makes them more vigorous, improving flavor and durability; when applied to the soil, it improves its physical, chemical and biological characteristics, which facilitates the assimilation of nutrients by plants.<\/p>\n<p>The appropriate concentration of pyroligneous extract compounds provides rapid responses in the crops to be applied.<\/p>\n\n\t\t<\/div>\n\t<\/div>\n<\/div><\/div><\/div><\/div><div class=\"vc_row wpb_row vc_row-fluid\"><div class=\"wpb_column vc_column_container vc_col-sm-3\"><div class=\"vc_column-inner\"><div class=\"wpb_wrapper\">\n\t<div  class=\"wpb_single_image wpb_content_element vc_align_left\">\n\t\t\n\t\t<figure class=\"wpb_wrapper vc_figure\">\n\t\t\t<div class=\"vc_single_image-wrapper   vc_box_border_grey\"><img class=\"vc_single_image-img\" src=\"https:\/\/maggiecofornos.com.br\/wp-content\/uploads\/2023\/06\/extrato-1-500x350.jpg\" width=\"500\" height=\"350\" alt=\"\" title=\"\" \/><\/div>\n\t\t<\/figure>\n\t<\/div>\n<\/div><\/div><\/div><div class=\"wpb_column vc_column_container vc_col-sm-6\"><div class=\"vc_column-inner\"><div class=\"wpb_wrapper\">\n\t<div  class=\"wpb_single_image wpb_content_element vc_align_center\">\n\t\t\n\t\t<figure class=\"wpb_wrapper vc_figure\">\n\t\t\t<div class=\"vc_single_image-wrapper   vc_box_border_grey\"><img class=\"vc_single_image-img\" src=\"https:\/\/maggiecofornos.com.br\/wp-content\/uploads\/2017\/09\/Extrato-frascos-500x350.jpg\" width=\"500\" height=\"350\" alt=\"\" title=\"\" \/><\/div>\n\t\t<\/figure>\n\t<\/div>\n<\/div><\/div><\/div><div class=\"wpb_column vc_column_container vc_col-sm-3\"><div class=\"vc_column-inner\"><div class=\"wpb_wrapper\">\n\t<div  class=\"wpb_single_image wpb_content_element vc_align_left\">\n\t\t\n\t\t<figure class=\"wpb_wrapper vc_figure\">\n\t\t\t<div class=\"vc_single_image-wrapper   vc_box_border_grey\"><img class=\"vc_single_image-img\" src=\"https:\/\/maggiecofornos.com.br\/wp-content\/uploads\/2017\/09\/WhatsApp-Image-2023-07-11-at-16.04.53-500x350.jpeg\" width=\"500\" height=\"350\" alt=\"\" title=\"\" \/><\/div>\n\t\t<\/figure>\n\t<\/div>\n<\/div><\/div><\/div><\/div><section data-vc-full-width=\"true\" data-vc-full-width-init=\"false\" data-vc-parallax=\"1.5\" class=\"vc_section vc_custom_1526235997098 vc_section-has-fill vc_general vc_parallax vc_parallax-content-moving bg-color-black ltx-overlay bg-overlay-black\"><div class=\"vc_row wpb_row vc_row-fluid\"><div class=\"wpb_column vc_column_container vc_col-sm-12\"><div class=\"vc_column-inner\"><div class=\"wpb_wrapper\"><div class=\"es-resp\">\t<div class=\"visible-xl\" style=\"height: 24px;\"><\/div>\t<div class=\"hidden-xl hidden-md hidden-sm hidden-ms hidden-xs\" style=\"height: 24px;\"><\/div>\t<div class=\"visible-md\" style=\"height: 24px;\"><\/div>\t<div class=\"visible-sm\" style=\"height: 24px;\"><\/div>\t<div class=\"visible-ms\" style=\"height: 24px;\"><\/div>\t<div class=\"visible-xs\" style=\"height: 24px;\"><\/div><\/div><\/div><\/div><\/div><\/div><div class=\"vc_row wpb_row vc_row-fluid\"><div class=\"wpb_column vc_column_container vc_col-sm-12\"><div class=\"vc_column-inner\"><div class=\"wpb_wrapper\"><div class=\"heading  default align-center color-white transform-default heading-tag-h2\" id=\"like_sc_header_1436909277\"><h6 class=\"subheader ltx-sr-id-like_sc_header_14369092771853012970 ltx-sr ltx-sr-effect-slide_from_left ltx-sr-el-block ltx-sr-delay-300 ltx-sr-duration-700 ltx-sr-sequences-0\">APPLICATIONS<\/h6><h2 class=\"header ltx-sr-id-like_sc_header_1436909277697503091 ltx-sr ltx-sr-effect-fade_in ltx-sr-el-block ltx-sr-delay-0 ltx-sr-duration-1000 ltx-sr-sequences-0\">Main application <span> sectors <\/span><\/h2><\/div><div class=\"ltx-content-width col-align-center\" id=\"like_sc_header_74372591\" style=\"max-width: 600px\"><div class=\"ltx-wrapper\"><\/div><\/div><div class=\"es-resp\">\t<div class=\"visible-xl\" style=\"height: 48px;\"><\/div>\t<div class=\"hidden-xl hidden-md hidden-sm hidden-ms hidden-xs\" style=\"height: 48px;\"><\/div>\t<div class=\"visible-md\" style=\"height: 48px;\"><\/div>\t<div class=\"visible-sm\" style=\"height: 48px;\"><\/div>\t<div class=\"visible-ms\" style=\"height: 48px;\"><\/div>\t<div class=\"visible-xs\" style=\"height: 48px;\"><\/div><\/div><div class=\"vc_row wpb_row vc_inner vc_row-fluid\"><div class=\"wpb_column vc_column_container vc_col-sm-1\/5\"><div class=\"vc_column-inner\"><div class=\"wpb_wrapper\"><div class=\"btn-wrap align-center\"><a href=\"\" class=\"btn  btn-xs btn-default color-hover-white align-center\" id=\"like_sc_button_741258343\">Livestock<\/a><\/div><\/div><\/div><\/div><div class=\"wpb_column vc_column_container vc_col-sm-1\/5\"><div class=\"vc_column-inner\"><div class=\"wpb_wrapper\"><div class=\"btn-wrap align-center\"><a href=\"\" class=\"btn  btn-xs btn-default color-hover-white align-center\" id=\"like_sc_button_1138400252\">Wheat and Barley<\/a><\/div><\/div><\/div><\/div><div class=\"wpb_column vc_column_container vc_col-sm-1\/5\"><div class=\"vc_column-inner\"><div class=\"wpb_wrapper\"><div class=\"btn-wrap align-center\"><a href=\"\" class=\"btn  btn-xs btn-default color-hover-white align-center\" id=\"like_sc_button_685770712\">Sugar cane<\/a><\/div><\/div><\/div><\/div><div class=\"wpb_column vc_column_container vc_col-sm-1\/5\"><div class=\"vc_column-inner\"><div class=\"wpb_wrapper\"><div class=\"btn-wrap align-center\"><a href=\"\" class=\"btn  btn-xs btn-default color-hover-white align-center\" id=\"like_sc_button_1114201194\">Animal food<\/a><\/div><\/div><\/div><\/div><div class=\"wpb_column vc_column_container vc_col-sm-1\/5\"><div class=\"vc_column-inner\"><div class=\"wpb_wrapper\"><div class=\"btn-wrap align-center\"><a href=\"\" class=\"btn  btn-xs btn-default color-hover-white align-center\" id=\"like_sc_button_1149956319\">Organic agriculture<\/a><\/div><\/div><\/div><\/div><\/div><div class=\"vc_row wpb_row vc_inner vc_row-fluid\"><div class=\"wpb_column vc_column_container vc_col-sm-1\/5\"><div class=\"vc_column-inner\"><div class=\"wpb_wrapper\"><div class=\"btn-wrap align-center\"><a href=\"\" class=\"btn  btn-xs btn-default color-hover-white align-center\" id=\"like_sc_button_1825188417\">Corn<\/a><\/div><\/div><\/div><\/div><div class=\"wpb_column vc_column_container vc_col-sm-1\/5\"><div class=\"vc_column-inner\"><div class=\"wpb_wrapper\"><div class=\"btn-wrap align-center\"><a href=\"\" class=\"btn  btn-xs btn-default color-hover-white align-center\" id=\"like_sc_button_1901362538\">Rice<\/a><\/div><\/div><\/div><\/div><div class=\"wpb_column vc_column_container vc_col-sm-1\/5\"><div class=\"vc_column-inner\"><div class=\"wpb_wrapper\"><div class=\"btn-wrap align-center\"><a href=\"\" class=\"btn  btn-xs btn-default color-hover-white align-center\" id=\"like_sc_button_1983210778\">Cotton<\/a><\/div><\/div><\/div><\/div><div class=\"wpb_column vc_column_container vc_col-sm-1\/5\"><div class=\"vc_column-inner\"><div class=\"wpb_wrapper\"><div class=\"btn-wrap align-center\"><a href=\"\" class=\"btn  btn-xs btn-default color-hover-white align-center\" id=\"like_sc_button_79860670\">Sunflower<\/a><\/div><\/div><\/div><\/div><div class=\"wpb_column vc_column_container vc_col-sm-1\/5\"><div class=\"vc_column-inner\"><div class=\"wpb_wrapper\"><div class=\"btn-wrap align-center\"><a href=\"\" class=\"btn  btn-xs btn-default color-hover-white align-center\" id=\"like_sc_button_2084282000\">Coffee<\/a><\/div><\/div><\/div><\/div><\/div><div class=\"vc_row wpb_row vc_inner vc_row-fluid\"><div class=\"wpb_column vc_column_container vc_col-sm-1\/5\"><div class=\"vc_column-inner\"><div class=\"wpb_wrapper\"><div class=\"btn-wrap align-center\"><a href=\"\" class=\"btn  btn-xs btn-default color-hover-white align-center\" id=\"like_sc_button_1454962635\">Potato<\/a><\/div><\/div><\/div><\/div><div class=\"wpb_column vc_column_container vc_col-sm-1\/5\"><div class=\"vc_column-inner\"><div class=\"wpb_wrapper\"><div class=\"btn-wrap align-center\"><a href=\"\" class=\"btn  btn-xs btn-default color-hover-white align-center\" id=\"like_sc_button_1633030395\">Citrus<\/a><\/div><\/div><\/div><\/div><div class=\"wpb_column vc_column_container vc_col-sm-1\/5\"><div class=\"vc_column-inner\"><div class=\"wpb_wrapper\"><div class=\"btn-wrap align-center\"><a href=\"\" class=\"btn  btn-xs btn-default color-hover-white align-center\" id=\"like_sc_button_1997573254\">Fruits<\/a><\/div><\/div><\/div><\/div><div class=\"wpb_column vc_column_container vc_col-sm-1\/5\"><div class=\"vc_column-inner\"><div class=\"wpb_wrapper\"><div class=\"btn-wrap align-center\"><a href=\"\" class=\"btn  btn-xs btn-default color-hover-white align-center\" id=\"like_sc_button_2029794096\">Vegetables<\/a><\/div><\/div><\/div><\/div><div class=\"wpb_column vc_column_container vc_col-sm-1\/5\"><div class=\"vc_column-inner\"><div class=\"wpb_wrapper\"><div class=\"btn-wrap align-center\"><a href=\"\" class=\"btn  btn-xs btn-default color-hover-white align-center\" id=\"like_sc_button_774984184\">Flowers<\/a><\/div><\/div><\/div><\/div><\/div><div class=\"vc_row wpb_row vc_inner vc_row-fluid\"><div class=\"wpb_column vc_column_container vc_col-sm-1\/5\"><div class=\"vc_column-inner\"><div class=\"wpb_wrapper\"><div class=\"btn-wrap align-center\"><a href=\"\" class=\"btn  btn-xs btn-default color-hover-white align-center\" id=\"like_sc_button_1459608949\">Soy<\/a><\/div><\/div><\/div><\/div><div class=\"wpb_column vc_column_container vc_col-sm-1\/5\"><div class=\"vc_column-inner\"><div class=\"wpb_wrapper\"><div class=\"btn-wrap align-center\"><a href=\"\" class=\"btn  btn-xs btn-default color-hover-white align-center\" id=\"like_sc_button_1302228317\">Pig farming<\/a><\/div><\/div><\/div><\/div><div class=\"wpb_column vc_column_container vc_col-sm-1\/5\"><div class=\"vc_column-inner\"><div class=\"wpb_wrapper\"><div class=\"btn-wrap align-center\"><a href=\"\" class=\"btn  btn-xs btn-default color-hover-white align-center\" id=\"like_sc_button_1565551434\">Tobacco<\/a><\/div><\/div><\/div><\/div><div class=\"wpb_column vc_column_container vc_col-sm-1\/5\"><div class=\"vc_column-inner\"><div class=\"wpb_wrapper\"><\/div><\/div><\/div><div class=\"wpb_column vc_column_container vc_col-sm-1\/5\"><div class=\"vc_column-inner\"><div class=\"wpb_wrapper\"><\/div><\/div><\/div><\/div><\/div><\/div><\/div><\/div><div class=\"vc_row wpb_row vc_row-fluid\"><div class=\"wpb_column vc_column_container vc_col-sm-12\"><div class=\"vc_column-inner\"><div class=\"wpb_wrapper\"><div class=\"es-resp\">\t<div class=\"visible-xl\" style=\"height: 100px;\"><\/div>\t<div class=\"hidden-xl hidden-md hidden-sm hidden-ms hidden-xs\" style=\"height: 100px;\"><\/div>\t<div class=\"visible-md\" style=\"height: 100px;\"><\/div>\t<div class=\"visible-sm\" style=\"height: 100px;\"><\/div>\t<div class=\"visible-ms\" style=\"height: 32px;\"><\/div>\t<div class=\"visible-xs\" style=\"height: 32px;\"><\/div><\/div><\/div><\/div><\/div><\/div><\/section><div class=\"vc_row-full-width vc_clearfix\"><\/div><section data-vc-full-width=\"true\" data-vc-full-width-init=\"false\" data-vc-parallax=\"1.5\" class=\"vc_section vc_custom_1526236226264 vc_section-has-fill vc_general vc_parallax vc_parallax-content-moving bg-color-black ltx-overlay bg-overlay-dark\"><\/section><div class=\"vc_row-full-width vc_clearfix\"><\/div><section data-vc-full-width=\"true\" data-vc-full-width-init=\"false\" class=\"vc_section vc_custom_1752501608093 vc_section-o-content-middle vc_section-flex bg-color-theme_color text-align-center-md-sm-ms\"><div class=\"vc_row wpb_row vc_row-fluid vc_row-o-equal-height vc_row-o-content-middle vc_row-flex\"><div class=\"wpb_column vc_column_container vc_col-sm-12 vc_col-lg-5 vc_col-md-12\"><div class=\"vc_column-inner\"><div class=\"wpb_wrapper\"><div class=\"heading  default align-left color-white subcolor-main transform-default   vc_custom_1690837201692 heading-tag-h4\" id=\"like_sc_header_977508182\"><h4 class=\"header ltx-sr-id-like_sc_header_9775081821944990759 ltx-sr ltx-sr-effect-fade_in ltx-sr-el-block ltx-sr-delay-0 ltx-sr-duration-1000 ltx-sr-sequences-0\">Ensure the best harvests<\/h4><\/div><div class=\"heading  default align-left color-black subcolor-main transform-default   vc_custom_1690245335445 heading-tag-h2\" id=\"like_sc_header_1683781661\"><h2 class=\"header ltx-sr-id-like_sc_header_16837816611643711132 ltx-sr ltx-sr-effect-fade_in ltx-sr-el-block ltx-sr-delay-0 ltx-sr-duration-1000 ltx-sr-sequences-0\">Contact us<\/h2><\/div><\/div><\/div><\/div><div class=\"wpb_column vc_column_container vc_col-sm-12 vc_col-lg-5 vc_col-md-12\"><div class=\"vc_column-inner\"><div class=\"wpb_wrapper\"><div class=\"heading  header-text align-left color-white subcolor-main transform-default   vc_custom_1690216402431 heading-tag-h2 heading-icon\" id=\"like_sc_header_775266379\"><img src=\"https:\/\/maggiecofornos.com.br\/wp-content\/uploads\/2018\/04\/icon-phone.png\" class=\"heading-icon\" alt=\"(19) 97107-3966\"><div class=\"heading-content\"><h2 class=\"header ltx-sr-id-like_sc_header_7752663791433273092 ltx-sr ltx-sr-effect-fade_in ltx-sr-el-block ltx-sr-delay-0 ltx-sr-duration-1000 ltx-sr-sequences-0\">(19) 97107-3966<\/h2><\/div><\/div><\/div><\/div><\/div><div class=\"wpb_column vc_column_container vc_col-sm-12 vc_col-lg-2 vc_col-md-12\"><div class=\"vc_column-inner\"><div class=\"wpb_wrapper\"><div class=\"btn-wrap\"><a href=\"https:\/\/wa.me\/5519971073966\" class=\"btn  btn-black color-hover-default   vc_custom_1722520946847\" id=\"like_sc_button_908975681\">Whatsapp<\/a><\/div><\/div><\/div><\/div><\/div><\/section><div class=\"vc_row-full-width vc_clearfix\"><\/div>\n<\/section>","protected":false},"excerpt":{"rendered":"O Produto O \u00e1cido pirolenhoso, tamb\u00e9m conhecido como \"extrato pirolenhoso\", \u00e9 um produto milenar utilizado na cultura japonesa.\u00a0Obtido a partir da condensa\u00e7\u00e3o dos gases da carboniza\u00e7\u00e3o da madeira durante a [...]","protected":false},"author":1,"featured_media":0,"parent":0,"menu_order":0,"comment_status":"closed","ping_status":"closed","template":"","meta":[],"_links":{"self":[{"href":"https:\/\/maggiecofornos.com.br\/en\/wp-json\/wp\/v2\/pages\/5264"}],"collection":[{"href":"https:\/\/maggiecofornos.com.br\/en\/wp-json\/wp\/v2\/pages"}],"about":[{"href":"https:\/\/maggiecofornos.com.br\/en\/wp-json\/wp\/v2\/types\/page"}],"author":[{"embeddable":true,"href":"https:\/\/maggiecofornos.com.br\/en\/wp-json\/wp\/v2\/users\/1"}],"replies":[{"embeddable":true,"href":"https:\/\/maggiecofornos.com.br\/en\/wp-json\/wp\/v2\/comments?post=5264"}],"version-history":[{"count":3,"href":"https:\/\/maggiecofornos.com.br\/en\/wp-json\/wp\/v2\/pages\/5264\/revisions"}],"predecessor-version":[{"id":5269,"href":"https:\/\/maggiecofornos.com.br\/en\/wp-json\/wp\/v2\/pages\/5264\/revisions\/5269"}],"wp:attachment":[{"href":"https:\/\/maggiecofornos.com.br\/en\/wp-json\/wp\/v2\/media?parent=5264"}],"curies":[{"name":"wp","href":"https:\/\/api.w.org\/{rel}","templated":true}]}}