{"id":5273,"date":"2025-07-14T18:16:09","date_gmt":"2025-07-14T18:16:09","guid":{"rendered":"https:\/\/maggiecofornos.com.br\/?page_id=5273"},"modified":"2025-07-22T20:14:07","modified_gmt":"2025-07-22T20:14:07","slug":"fornos-para-carvao-novo","status":"publish","type":"page","link":"https:\/\/maggiecofornos.com.br\/es\/fornos-para-carvao-novo\/","title":{"rendered":"Fornos para Carv\u00e3o &#8211; NOVO"},"content":{"rendered":"<section class=\"wpb-content-wrapper\"><section data-vc-full-width=\"true\" data-vc-full-width-init=\"false\" data-vc-stretch-content=\"true\" class=\"vc_section\"><div data-vc-full-width=\"true\" data-vc-full-width-init=\"false\" data-vc-stretch-content=\"true\" class=\"vc_row wpb_row vc_row-fluid vc_row-no-padding\"><div class=\"wpb_column vc_column_container vc_col-sm-12\"><div class=\"vc_column-inner\"><div class=\"wpb_wrapper\"><div class=\"slider-zoom    vc_custom_1752518263091 zoom-default zoom-color-white zoom-align-center zoom-style-default overlay-plain bullets-false\" id=\"like_sc_zoom_slider_747380287\" data-zs-prev=\"\" data-zs-next=\"\" data-zs-overlay=\"plain\" data-zs-initzoom=\"1.2\" data-zs-speed=\"20000\" data-zs-interval=\"4500\" data-zs-switchspeed=\"7000\" data-zs-arrows=\"true\" data-zs-bullets=\"false\" data-zs-src='[&#34;https:\\\/\\\/maggiecofornos.com.br\\\/wp-content\\\/uploads\\\/2023\\\/06\\\/IGR00068-AF-edit-1-scaled.jpg&#34;,&#34;https:\\\/\\\/maggiecofornos.com.br\\\/wp-content\\\/uploads\\\/2018\\\/02\\\/IGR00087-1024x682-1.jpg&#34;,&#34;https:\\\/\\\/maggiecofornos.com.br\\\/wp-content\\\/uploads\\\/2018\\\/02\\\/IGR00014-1024x682-1.jpg&#34;,&#34;https:\\\/\\\/maggiecofornos.com.br\\\/wp-content\\\/uploads\\\/2018\\\/02\\\/IGR00057-1024x683-1.jpg&#34;]' data-zs-src2=''>\r\n\t<div class=\"container\">\r\n\t\t<div class=\"slider-inner\">\r\n\t\t\t<div class=\"heading  heading-xl default align-center color-white subcolor-main transform-default   vc_custom_1752518125496 heading-tag-h2\" id=\"like_sc_header_444056599\"><h2 class=\"header ltx-sr-id-like_sc_header_444056599872050691 ltx-sr ltx-sr-effect-fade_in ltx-sr-el-block ltx-sr-delay-0 ltx-sr-duration-1000 ltx-sr-sequences-0\">HORNOS PARA CARB\u00d3N<\/h2><\/div><div class=\"ltx-content-width col-align-center\" id=\"like_sc_header_1935525029\" style=\"max-width: 1000px\"><div class=\"ltx-wrapper\">\n\t<div class=\"wpb_text_column wpb_content_element\">\n\t\t<div class=\"wpb_wrapper\">\n\t\t\t\n\t\t<\/div>\n\t<\/div>\n<\/div><\/div><div class=\"es-resp\">\t<div class=\"visible-xl\" style=\"height: 40px;\"><\/div>\t<div class=\"hidden-xl hidden-md hidden-sm hidden-ms hidden-xs\" style=\"height: 40px;\"><\/div>\t<div class=\"visible-md\" style=\"height: 40px;\"><\/div>\t<div class=\"visible-sm\" style=\"height: 40px;\"><\/div>\t<div class=\"visible-ms\" style=\"height: 32px;\"><\/div>\t<div class=\"visible-xs\" style=\"height: 32px;\"><\/div><\/div><div class=\"btn-wrap\"><a href=\"https:\/\/wa.me\/5519971073966\" class=\"btn  btn-default color-hover-white api-infos-body-card-btn\" id=\"like_sc_button_1213125578\">Solicitar Presupuesto<\/a><\/div><div class=\"es-resp\">\t<div class=\"visible-xl\" style=\"height: 40px;\"><\/div>\t<div class=\"hidden-xl hidden-md hidden-sm hidden-ms hidden-xs\" style=\"height: 40px;\"><\/div>\t<div class=\"visible-md\" style=\"height: 40px;\"><\/div>\t<div class=\"visible-sm\" style=\"height: 40px;\"><\/div>\t<div class=\"visible-ms\" style=\"height: 32px;\"><\/div>\t<div class=\"visible-xs\" style=\"height: 32px;\"><\/div><\/div>\r\n\t\t<\/div>\r\n\t<\/div>\r\n<\/div><\/div><\/div><\/div><\/div><div class=\"vc_row-full-width vc_clearfix\"><\/div><\/section><div class=\"vc_row-full-width vc_clearfix\"><\/div><section class=\"vc_section vc_custom_1753215246664\"><div class=\"vc_row wpb_row vc_row-fluid\"><div class=\"wpb_column vc_column_container vc_col-sm-12\"><div class=\"vc_column-inner\"><div class=\"wpb_wrapper\"><div class=\"heading  default align-center color-black transform-default heading-tag-h2\" id=\"like_sc_header_2147134281\"><h6 class=\"subheader ltx-sr-id-like_sc_header_21471342811752002809 ltx-sr ltx-sr-effect-slide_from_left ltx-sr-el-block ltx-sr-delay-300 ltx-sr-duration-700 ltx-sr-sequences-0\">FORNOS ECOL\u00d3GICOS<\/h6><h2 class=\"header ltx-sr-id-like_sc_header_21471342812029977988 ltx-sr ltx-sr-effect-fade_in ltx-sr-el-block ltx-sr-delay-0 ltx-sr-duration-1000 ltx-sr-sequences-0\">Confira os fornos Maggieco<\/h2><\/div><\/div><\/div><\/div><\/div><div class=\"vc_row wpb_row vc_row-fluid vc_row-o-content-middle vc_row-flex text-align-center-sm-ms\"><div class=\"wpb_column vc_column_container vc_col-sm-12 vc_col-lg-4 vc_col-md-4\"><div class=\"vc_column-inner\"><div class=\"wpb_wrapper\">\n\t<div  class=\"wpb_single_image wpb_content_element vc_align_left  vc_custom_1753211607661\">\n\t\t\n\t\t<figure class=\"wpb_wrapper vc_figure\">\n\t\t\t<div class=\"vc_single_image-wrapper vc_box_rounded  vc_box_border_grey\"><img width=\"1752\" height=\"1168\" src=\"https:\/\/maggiecofornos.com.br\/wp-content\/uploads\/2023\/06\/carvao.jpg\" class=\"vc_single_image-img attachment-full\" alt=\"\" decoding=\"async\" loading=\"lazy\" title=\"carv\u00e3o\" srcset=\"https:\/\/maggiecofornos.com.br\/wp-content\/uploads\/2023\/06\/carvao.jpg 1752w, https:\/\/maggiecofornos.com.br\/wp-content\/uploads\/2023\/06\/carvao-300x200.jpg 300w, https:\/\/maggiecofornos.com.br\/wp-content\/uploads\/2023\/06\/carvao-1024x683.jpg 1024w, https:\/\/maggiecofornos.com.br\/wp-content\/uploads\/2023\/06\/carvao-768x512.jpg 768w, https:\/\/maggiecofornos.com.br\/wp-content\/uploads\/2023\/06\/carvao-1536x1024.jpg 1536w, https:\/\/maggiecofornos.com.br\/wp-content\/uploads\/2023\/06\/carvao-600x400.jpg 600w\" sizes=\"(max-width: 1752px) 100vw, 1752px\" \/><\/div>\n\t\t<\/figure>\n\t<\/div>\n<div class=\"heading  default align-center color-black transform-default   vc_custom_1753211456450 heading-tag-h3\" id=\"like_sc_header_2017371320\"><h3 class=\"header ltx-sr-id-like_sc_header_2017371320244572979 ltx-sr ltx-sr-effect-fade_in ltx-sr-el-block ltx-sr-delay-0 ltx-sr-duration-1000 ltx-sr-sequences-0\">MG3<\/h3><\/div><div class=\"vc_btn3-container vc_btn3-center vc_custom_1753214553444\" ><a class=\"vc_general vc_btn3 vc_btn3-size-md vc_btn3-shape-rounded vc_btn3-style-modern vc_btn3-block vc_btn3-icon-left vc_btn3-color-inverse\" href=\"https:\/\/maggiecofornos.com.br\/es\/mg3\/\" title=\"MG3\"><i class=\"vc_btn3-icon fas fa-arrow-right\"><\/i> Descubre m\u00e1s<\/a><\/div><div class=\"vc_btn3-container vc_btn3-center\" ><a class=\"vc_general vc_btn3 vc_btn3-size-md vc_btn3-shape-rounded vc_btn3-style-modern vc_btn3-block vc_btn3-icon-left vc_btn3-color-success\" href=\"https:\/\/wa.me\/5519998842007\" title=\"\" target=\"_blank\"><i class=\"vc_btn3-icon fab fa-whatsapp\"><\/i> Contato Whatsapp<\/a><\/div><\/div><\/div><\/div><div class=\"wpb_column vc_column_container vc_col-sm-6 vc_col-lg-4 vc_col-md-4\"><div class=\"vc_column-inner\"><div class=\"wpb_wrapper\">\n\t<div  class=\"wpb_single_image wpb_content_element vc_align_left  vc_custom_1753211607661\">\n\t\t\n\t\t<figure class=\"wpb_wrapper vc_figure\">\n\t\t\t<div class=\"vc_single_image-wrapper vc_box_rounded  vc_box_border_grey\"><img width=\"1752\" height=\"1168\" src=\"https:\/\/maggiecofornos.com.br\/wp-content\/uploads\/2023\/06\/carvao.jpg\" class=\"vc_single_image-img attachment-full\" alt=\"\" decoding=\"async\" loading=\"lazy\" title=\"carv\u00e3o\" srcset=\"https:\/\/maggiecofornos.com.br\/wp-content\/uploads\/2023\/06\/carvao.jpg 1752w, https:\/\/maggiecofornos.com.br\/wp-content\/uploads\/2023\/06\/carvao-300x200.jpg 300w, https:\/\/maggiecofornos.com.br\/wp-content\/uploads\/2023\/06\/carvao-1024x683.jpg 1024w, https:\/\/maggiecofornos.com.br\/wp-content\/uploads\/2023\/06\/carvao-768x512.jpg 768w, https:\/\/maggiecofornos.com.br\/wp-content\/uploads\/2023\/06\/carvao-1536x1024.jpg 1536w, https:\/\/maggiecofornos.com.br\/wp-content\/uploads\/2023\/06\/carvao-600x400.jpg 600w\" sizes=\"(max-width: 1752px) 100vw, 1752px\" \/><\/div>\n\t\t<\/figure>\n\t<\/div>\n<div class=\"heading  default align-center color-black transform-default   vc_custom_1753211715682 heading-tag-h3\" id=\"like_sc_header_255709942\"><h3 class=\"header ltx-sr-id-like_sc_header_255709942618397877 ltx-sr ltx-sr-effect-fade_in ltx-sr-el-block ltx-sr-delay-0 ltx-sr-duration-1000 ltx-sr-sequences-0\">MG4<\/h3><\/div><div class=\"vc_btn3-container vc_btn3-center vc_custom_1753214567086\" ><a class=\"vc_general vc_btn3 vc_btn3-size-md vc_btn3-shape-rounded vc_btn3-style-modern vc_btn3-block vc_btn3-icon-left vc_btn3-color-inverse\" href=\"https:\/\/maggiecofornos.com.br\/es\/mg4\/\" title=\"MG4\"><i class=\"vc_btn3-icon fas fa-arrow-right\"><\/i> Descubre m\u00e1s<\/a><\/div><div class=\"vc_btn3-container vc_btn3-center\" ><a class=\"vc_general vc_btn3 vc_btn3-size-md vc_btn3-shape-rounded vc_btn3-style-modern vc_btn3-block vc_btn3-icon-left vc_btn3-color-success\" href=\"https:\/\/wa.me\/5519998842007\" title=\"\" target=\"_blank\"><i class=\"vc_btn3-icon fab fa-whatsapp\"><\/i> Contato Whatsapp<\/a><\/div><\/div><\/div><\/div><div class=\"wpb_column vc_column_container vc_col-sm-6 vc_col-lg-4 vc_col-md-4\"><div class=\"vc_column-inner\"><div class=\"wpb_wrapper\">\n\t<div  class=\"wpb_single_image wpb_content_element vc_align_left  vc_custom_1753211607661\">\n\t\t\n\t\t<figure class=\"wpb_wrapper vc_figure\">\n\t\t\t<div class=\"vc_single_image-wrapper vc_box_rounded  vc_box_border_grey\"><img width=\"1752\" height=\"1168\" src=\"https:\/\/maggiecofornos.com.br\/wp-content\/uploads\/2023\/06\/carvao.jpg\" class=\"vc_single_image-img attachment-full\" alt=\"\" decoding=\"async\" loading=\"lazy\" title=\"carv\u00e3o\" srcset=\"https:\/\/maggiecofornos.com.br\/wp-content\/uploads\/2023\/06\/carvao.jpg 1752w, https:\/\/maggiecofornos.com.br\/wp-content\/uploads\/2023\/06\/carvao-300x200.jpg 300w, https:\/\/maggiecofornos.com.br\/wp-content\/uploads\/2023\/06\/carvao-1024x683.jpg 1024w, https:\/\/maggiecofornos.com.br\/wp-content\/uploads\/2023\/06\/carvao-768x512.jpg 768w, https:\/\/maggiecofornos.com.br\/wp-content\/uploads\/2023\/06\/carvao-1536x1024.jpg 1536w, https:\/\/maggiecofornos.com.br\/wp-content\/uploads\/2023\/06\/carvao-600x400.jpg 600w\" sizes=\"(max-width: 1752px) 100vw, 1752px\" \/><\/div>\n\t\t<\/figure>\n\t<\/div>\n<div class=\"heading  default align-center color-black transform-default   vc_custom_1753211719418 heading-tag-h3\" id=\"like_sc_header_1411821061\"><h3 class=\"header ltx-sr-id-like_sc_header_1411821061475208272 ltx-sr ltx-sr-effect-fade_in ltx-sr-el-block ltx-sr-delay-0 ltx-sr-duration-1000 ltx-sr-sequences-0\">MG5<\/h3><\/div><div class=\"vc_btn3-container vc_btn3-center vc_custom_1753214579796\" ><a class=\"vc_general vc_btn3 vc_btn3-size-md vc_btn3-shape-rounded vc_btn3-style-modern vc_btn3-block vc_btn3-icon-left vc_btn3-color-inverse\" href=\"https:\/\/maggiecofornos.com.br\/es\/mg5\/\" title=\"MG5\"><i class=\"vc_btn3-icon fas fa-arrow-right\"><\/i> Descubre m\u00e1s<\/a><\/div><div class=\"vc_btn3-container vc_btn3-center\" ><a class=\"vc_general vc_btn3 vc_btn3-size-md vc_btn3-shape-rounded vc_btn3-style-modern vc_btn3-block vc_btn3-icon-left vc_btn3-color-success\" href=\"https:\/\/wa.me\/5519998842007\" title=\"\" target=\"_blank\"><i class=\"vc_btn3-icon fab fa-whatsapp\"><\/i> Contato Whatsapp<\/a><\/div><\/div><\/div><\/div><\/div><\/section><section data-vc-full-width=\"true\" data-vc-full-width-init=\"false\" data-vc-parallax=\"1.5\" class=\"vc_section vc_section-has-fill vc_general vc_parallax vc_parallax-content-moving bg-color-gray\"><div class=\"vc_row wpb_row vc_row-fluid\"><div class=\"wpb_column vc_column_container vc_col-sm-12\"><div class=\"vc_column-inner\"><div class=\"wpb_wrapper\"><div class=\"es-resp\">\t<div class=\"visible-xl\" style=\"height: 24px;\"><\/div>\t<div class=\"hidden-xl hidden-md hidden-sm hidden-ms hidden-xs\" style=\"height: 0px;\"><\/div>\t<div class=\"visible-md\" style=\"height: 0px;\"><\/div>\t<div class=\"visible-sm\" style=\"height: 0px;\"><\/div>\t<div class=\"visible-ms\" style=\"height: 0px;\"><\/div>\t<div class=\"visible-xs\" style=\"height: 0px;\"><\/div><\/div><\/div><\/div><\/div><\/div><div class=\"vc_row wpb_row vc_row-fluid\"><div class=\"wpb_column vc_column_container vc_col-sm-2\"><div class=\"vc_column-inner\"><div class=\"wpb_wrapper\"><\/div><\/div><\/div><div class=\"wpb_column vc_column_container vc_col-sm-8\"><div class=\"vc_column-inner\"><div class=\"wpb_wrapper\"><div class=\"heading  default align-center color-black transform-default heading-tag-h2\" id=\"like_sc_header_879579290\"><h6 class=\"subheader ltx-sr-id-like_sc_header_8795792901822283399 ltx-sr ltx-sr-effect-slide_from_left ltx-sr-el-block ltx-sr-delay-300 ltx-sr-duration-700 ltx-sr-sequences-0\">VEA<\/h6><h2 class=\"header ltx-sr-id-like_sc_header_8795792901564388928 ltx-sr ltx-sr-effect-fade_in ltx-sr-el-block ltx-sr-delay-0 ltx-sr-duration-1000 ltx-sr-sequences-0\">As Vantagens dos Fornos Ecol\u00f3gicos MG3, MG4 e MG5<\/h2><\/div><\/div><\/div><\/div><div class=\"wpb_column vc_column_container vc_col-sm-2\"><div class=\"vc_column-inner\"><div class=\"wpb_wrapper\"><\/div><\/div><\/div><\/div><div class=\"vc_row wpb_row vc_row-fluid\"><div class=\"wpb_column vc_column_container vc_col-sm-6\"><div class=\"vc_column-inner\"><div class=\"wpb_wrapper\">\n\t<div class=\"wpb_text_column wpb_content_element\" >\n\t\t<div class=\"wpb_wrapper\">\n\t\t\t<p class=\"font_8 wixui-rich-text__text\">Todos nuestros hornos poseen la m\u00e1s alta tecnolog\u00eda, revestimiento t\u00e9rmico, masas especiales, control total de temperatura, term\u00f3metro digital, extractor pirole\u00f1oso y v\u00e1lvula de alivio (lo que impide la ocurrencia de explosiones) como en los hornos convencionales.<\/p>\n<p class=\"font_8 wixui-rich-text__text\"><span class=\"wixGuard wixui-rich-text__text\">\u200b<\/span>El horno produce carb\u00f3n de cualquier manera desde eucaliptus hasta bamb\u00fa que, en realidad, obtuvo un excelente rendimiento en carb\u00f3n destinado a sider\u00fargicas, industrias, fertilizaci\u00f3n, correcci\u00f3n de suelo y tambi\u00e9n para captaci\u00f3n del extracto pirole\u00f1oso.<\/p>\n<p class=\"font_8 wixui-rich-text__text\"><span class=\"wixGuard wixui-rich-text__text\">\u200b<\/span>Nuestros hornos no necesitan mantenimiento ni sufren con los cambios clim\u00e1ticos durante la quema y despu\u00e9s del cierre: como barro, escapes, lluvia, viento, al contrario de los modelos convencionales (modelo country, cupim) hoy nuestros hornos son la mejor manera de producir carb\u00f3n, porque con ese equipo usted tiene total control de la temperatura, as\u00ed evita desperdicio de madera y la producci\u00f3n de tizones es casi 0%, todo eso sin decir nada de la colecta de material pirole\u00f1oso, que tiene un rendimiento de 800 a 1300 litros por ciclo (lote), siendo este un producto revolucionario que al ser comercializado puede traer un lucro muy alto, haciendo la producci\u00f3n de carb\u00f3n vegetal un segundo plano.<\/p>\n<p class=\"font_8 wixui-rich-text__text\"><span class=\"wixGuard wixui-rich-text__text\">\u200b<\/span>Este horno hace el trabajo m\u00e1s confortable, su manejo muy sencillo y limpio.<\/p>\n\n\t\t<\/div>\n\t<\/div>\n<\/div><\/div><\/div><div class=\"wpb_column vc_column_container vc_col-sm-6 text-align-center\"><div class=\"vc_column-inner\"><div class=\"wpb_wrapper\"><div class=\"wpb_images_carousel wpb_content_element vc_clearfix\"><div class=\"wpb_wrapper\"><div id=\"vc_images-carousel-1-1776663129\" data-ride=\"vc_carousel\" data-wrap=\"true\" style=\"width: 570px;\" data-interval=\"5000\" data-auto-height=\"yes\" data-mode=\"horizontal\" data-partial=\"true\" data-per-view=\"3\" data-hide-on-end=\"false\" class=\"vc_slide vc_images_carousel\"><div class=\"vc_carousel-inner\"><div class=\"vc_carousel-slideline\"><div class=\"vc_carousel-slideline-inner\"><div class=\"vc_item\"><div class=\"vc_inner\"><a class=\"\" href=\"https:\/\/maggiecofornos.com.br\/wp-content\/uploads\/2018\/05\/IGR00212-1024x683.jpg\" data-lightbox=\"lightbox[rel-5273-1724344052]\"><img class=\"\" src=\"https:\/\/maggiecofornos.com.br\/wp-content\/uploads\/2018\/05\/IGR00212-570x570.jpg\" width=\"570\" height=\"570\" alt=\"\" title=\"\" \/><\/a><\/div><\/div><div class=\"vc_item\"><div class=\"vc_inner\"><a class=\"\" href=\"https:\/\/maggiecofornos.com.br\/wp-content\/uploads\/2018\/05\/IGR00182-1024x683.jpg\" data-lightbox=\"lightbox[rel-5273-1724344052]\"><img class=\"\" src=\"https:\/\/maggiecofornos.com.br\/wp-content\/uploads\/2018\/05\/IGR00182-570x570.jpg\" width=\"570\" height=\"570\" alt=\"\" title=\"\" \/><\/a><\/div><\/div><div class=\"vc_item\"><div class=\"vc_inner\"><a class=\"\" href=\"https:\/\/maggiecofornos.com.br\/wp-content\/uploads\/2018\/05\/IGR00159-1024x683.jpg\" data-lightbox=\"lightbox[rel-5273-1724344052]\"><img class=\"\" src=\"https:\/\/maggiecofornos.com.br\/wp-content\/uploads\/2018\/05\/IGR00159-570x570.jpg\" width=\"570\" height=\"570\" alt=\"\" title=\"\" \/><\/a><\/div><\/div><div class=\"vc_item\"><div class=\"vc_inner\"><a class=\"\" href=\"https:\/\/maggiecofornos.com.br\/wp-content\/uploads\/2018\/05\/IGR00172-1024x683.jpg\" data-lightbox=\"lightbox[rel-5273-1724344052]\"><img class=\"\" src=\"https:\/\/maggiecofornos.com.br\/wp-content\/uploads\/2018\/05\/IGR00172-570x570.jpg\" width=\"570\" height=\"570\" alt=\"\" title=\"\" \/><\/a><\/div><\/div><div class=\"vc_item\"><div class=\"vc_inner\"><a class=\"\" href=\"https:\/\/maggiecofornos.com.br\/wp-content\/uploads\/2018\/05\/IGR00120-1024x683.jpg\" data-lightbox=\"lightbox[rel-5273-1724344052]\"><img class=\"\" src=\"https:\/\/maggiecofornos.com.br\/wp-content\/uploads\/2018\/05\/IGR00120-570x570.jpg\" width=\"570\" height=\"570\" alt=\"\" title=\"\" \/><\/a><\/div><\/div><div class=\"vc_item\"><div class=\"vc_inner\"><a class=\"\" href=\"https:\/\/maggiecofornos.com.br\/wp-content\/uploads\/2018\/05\/IGR00087-1024x683.jpg\" data-lightbox=\"lightbox[rel-5273-1724344052]\"><img class=\"\" src=\"https:\/\/maggiecofornos.com.br\/wp-content\/uploads\/2018\/05\/IGR00087-570x570.jpg\" width=\"570\" height=\"570\" alt=\"\" title=\"\" \/><\/a><\/div><\/div><div class=\"vc_item\"><div class=\"vc_inner\"><a class=\"\" href=\"https:\/\/maggiecofornos.com.br\/wp-content\/uploads\/2018\/05\/IGR00076-1024x683.jpg\" data-lightbox=\"lightbox[rel-5273-1724344052]\"><img class=\"\" src=\"https:\/\/maggiecofornos.com.br\/wp-content\/uploads\/2018\/05\/IGR00076-570x570.jpg\" width=\"570\" height=\"570\" alt=\"\" title=\"\" \/><\/a><\/div><\/div><div class=\"vc_item\"><div class=\"vc_inner\"><a class=\"\" href=\"https:\/\/maggiecofornos.com.br\/wp-content\/uploads\/2018\/05\/IGR00057-1024x683.jpg\" data-lightbox=\"lightbox[rel-5273-1724344052]\"><img class=\"\" src=\"https:\/\/maggiecofornos.com.br\/wp-content\/uploads\/2018\/05\/IGR00057-570x570.jpg\" width=\"570\" height=\"570\" alt=\"\" title=\"\" \/><\/a><\/div><\/div><div class=\"vc_item\"><div class=\"vc_inner\"><a class=\"\" href=\"https:\/\/maggiecofornos.com.br\/wp-content\/uploads\/2018\/05\/IGR00144-1024x683.jpg\" data-lightbox=\"lightbox[rel-5273-1724344052]\"><img class=\"\" src=\"https:\/\/maggiecofornos.com.br\/wp-content\/uploads\/2018\/05\/IGR00144-570x570.jpg\" width=\"570\" height=\"570\" alt=\"\" title=\"\" \/><\/a><\/div><\/div><\/div><\/div><\/div><a class=\"vc_left vc_carousel-control\" href=\"#vc_images-carousel-1-1776663129\" data-slide=\"prev\"><span class=\"icon-prev\"><\/span><\/a><a class=\"vc_right vc_carousel-control\" href=\"#vc_images-carousel-1-1776663129\" data-slide=\"next\"><span class=\"icon-next\"><\/span><\/a><\/div><\/div><\/div>\n\t<div class=\"wpb_text_column wpb_content_element\" >\n\t\t<div class=\"wpb_wrapper\">\n\t\t\t<div style=\"width: 3840px;\" class=\"wp-video\"><!--[if lt IE 9]><script>document.createElement('video');<\/script><![endif]-->\n<video class=\"wp-video-shortcode\" id=\"video-5273-1\" width=\"3840\" height=\"2160\" preload=\"metadata\" controls=\"controls\"><source type=\"video\/mp4\" src=\"https:\/\/maggiecofornos.com.br\/wp-content\/uploads\/2024\/01\/DJI_0004.mp4?_=1\" \/><a href=\"https:\/\/maggiecofornos.com.br\/wp-content\/uploads\/2024\/01\/DJI_0004.mp4\">https:\/\/maggiecofornos.com.br\/wp-content\/uploads\/2024\/01\/DJI_0004.mp4<\/a><\/video><\/div>\n\n\t\t<\/div>\n\t<\/div>\n<\/div><\/div><\/div><\/div><\/section><div class=\"vc_row-full-width vc_clearfix\"><\/div><section data-vc-full-width=\"true\" data-vc-full-width-init=\"false\" class=\"vc_section vc_custom_1526665811646 bg-color-gray ltx-sr ltx-sr-effect-slide_from_right ltx-sr-id-682689131 ltx-sr-el-items ltx-sr-delay-200 ltx-sr-duration-500 ltx-sr-sequences-200\"><div class=\"vc_row wpb_row vc_row-fluid\"><div class=\"wpb_column vc_column_container vc_col-sm-12\"><div class=\"vc_column-inner\"><div class=\"wpb_wrapper\"><div class=\"ltx-countup  layout-default\" id=\"like_sc_header_390183679\"><div class=\"row\">\r\n\t\t\t\t<div class=\"col-md-3  col-sm-6 col-ms-6 col-xs-12 center-flex countUp-wrap\">\r\n\t\t\t\t\t<div class=\"countUp-item item\">\r\n\t\t\t\t\t\t<span class=\"h2\"><span class=\"countUp\" id=\"like_sc_header_390183679-0\">01<\/span><\/span>\r\n\t\t\t\t\t\t<h6 class=\"subheader\">Producto ecol\u00f3gico<\/h6><\/div>\r\n\t\t\t\t<\/div>\r\n\t\t\t\t<div class=\"col-md-3  col-sm-6 col-ms-6 col-xs-12 center-flex countUp-wrap\">\r\n\t\t\t\t\t<div class=\"countUp-item item\">\r\n\t\t\t\t\t\t<span class=\"h2\"><span class=\"countUp\" id=\"like_sc_header_390183679-1\">02<\/span><\/span>\r\n\t\t\t\t\t\t<h6 class=\"subheader\">Construcci\u00f3n sencilla y pr\u00e1ctica<\/h6><\/div>\r\n\t\t\t\t<\/div>\r\n\t\t\t\t<div class=\"col-md-3  col-sm-6 col-ms-6 col-xs-12 center-flex countUp-wrap\">\r\n\t\t\t\t\t<div class=\"countUp-item item\">\r\n\t\t\t\t\t\t<span class=\"h2\"><span class=\"countUp\" id=\"like_sc_header_390183679-2\">03<\/span><\/span>\r\n\t\t\t\t\t\t<h6 class=\"subheader\">Operaci\u00f3n intuitiva, no requiere manejo especializado<\/h6><\/div>\r\n\t\t\t\t<\/div>\r\n\t\t\t\t<div class=\"col-md-3  col-sm-6 col-ms-6 col-xs-12 center-flex countUp-wrap\">\r\n\t\t\t\t\t<div class=\"countUp-item item\">\r\n\t\t\t\t\t\t<span class=\"h2\"><span class=\"countUp\" id=\"like_sc_header_390183679-3\">04<\/span><\/span>\r\n\t\t\t\t\t\t<h6 class=\"subheader\">Gran productividad de carb\u00f3n de excelente calidad<\/h6><\/div>\r\n\t\t\t\t<\/div><\/div><\/div><div class=\"ltx-countup  layout-default\" id=\"like_sc_header_654114768\"><div class=\"row\">\r\n\t\t\t\t<div class=\"col-md-3  col-sm-6 col-ms-6 col-xs-12 center-flex countUp-wrap\">\r\n\t\t\t\t\t<div class=\"countUp-item item\">\r\n\t\t\t\t\t\t<span class=\"h2\"><span class=\"countUp\" id=\"like_sc_header_654114768-0\">05<\/span><\/span>\r\n\t\t\t\t\t\t<h6 class=\"subheader\">Menor tiempo de carbonizaci\u00f3n, 72h en media<\/h6><\/div>\r\n\t\t\t\t<\/div>\r\n\t\t\t\t<div class=\"col-md-3  col-sm-6 col-ms-6 col-xs-12 center-flex countUp-wrap\">\r\n\t\t\t\t\t<div class=\"countUp-item item\">\r\n\t\t\t\t\t\t<span class=\"h2\"><span class=\"countUp\" id=\"like_sc_header_654114768-1\">06<\/span><\/span>\r\n\t\t\t\t\t\t<h6 class=\"subheader\">Menos poluci\u00f3n con emisi\u00f3n m\u00ednima de gas carb\u00f3nico<\/h6><\/div>\r\n\t\t\t\t<\/div>\r\n\t\t\t\t<div class=\"col-md-3  col-sm-6 col-ms-6 col-xs-12 center-flex countUp-wrap\">\r\n\t\t\t\t\t<div class=\"countUp-item item\">\r\n\t\t\t\t\t\t<span class=\"h2\"><span class=\"countUp\" id=\"like_sc_header_654114768-2\">07<\/span><\/span>\r\n\t\t\t\t\t\t<h6 class=\"subheader\">Captaci\u00f3n de extracto pirole\u00f1oso de mejor calidad<\/h6><\/div>\r\n\t\t\t\t<\/div>\r\n\t\t\t\t<div class=\"col-md-3  col-sm-6 col-ms-6 col-xs-12 center-flex countUp-wrap\">\r\n\t\t\t\t\t<div class=\"countUp-item item\">\r\n\t\t\t\t\t\t<span class=\"h2\"><span class=\"countUp\" id=\"like_sc_header_654114768-3\">08<\/span><\/span>\r\n\t\t\t\t\t\t<h6 class=\"subheader\">Control total de temperatura por el operador<\/h6><\/div>\r\n\t\t\t\t<\/div><\/div><\/div><\/div><\/div><\/div><\/div><\/section><div class=\"vc_row-full-width vc_clearfix\"><\/div><section data-vc-full-width=\"true\" data-vc-full-width-init=\"false\" class=\"vc_section vc_custom_1753215229477\"><div class=\"vc_row wpb_row vc_row-fluid\"><div class=\"wpb_column vc_column_container vc_col-sm-12\"><div class=\"vc_column-inner\"><div class=\"wpb_wrapper\"><div class=\"btn-wrap align-center\"><a href=\"https:\/\/wa.me\/5519998842007\" class=\"btn  btn-lg btn-default color-hover-default align-center api-infos-body-card-btn  vc_custom_1753211916570\" id=\"like_sc_button_64521974\">Habla con un especialista!<\/a><\/div><\/div><\/div><\/div><\/div><\/section><div class=\"vc_row-full-width vc_clearfix\"><\/div>\n<\/section>","protected":false},"excerpt":{"rendered":"Fornos para Carv\u00e3o Solicitar Or\u00e7amento FORNOS ECOL\u00d3GICOSConfira os fornos Maggieco MG3 Saiba Mais Contato Whatsapp MG4 Saiba Mais Contato Whatsapp MG5 Saiba Mais Contato Whatsapp ConfiraAs Vantagens dos Fornos Ecol\u00f3gicos [...]","protected":false},"author":1,"featured_media":4515,"parent":0,"menu_order":0,"comment_status":"closed","ping_status":"closed","template":"","meta":[],"_links":{"self":[{"href":"https:\/\/maggiecofornos.com.br\/es\/wp-json\/wp\/v2\/pages\/5273"}],"collection":[{"href":"https:\/\/maggiecofornos.com.br\/es\/wp-json\/wp\/v2\/pages"}],"about":[{"href":"https:\/\/maggiecofornos.com.br\/es\/wp-json\/wp\/v2\/types\/page"}],"author":[{"embeddable":true,"href":"https:\/\/maggiecofornos.com.br\/es\/wp-json\/wp\/v2\/users\/1"}],"replies":[{"embeddable":true,"href":"https:\/\/maggiecofornos.com.br\/es\/wp-json\/wp\/v2\/comments?post=5273"}],"version-history":[{"count":45,"href":"https:\/\/maggiecofornos.com.br\/es\/wp-json\/wp\/v2\/pages\/5273\/revisions"}],"predecessor-version":[{"id":5394,"href":"https:\/\/maggiecofornos.com.br\/es\/wp-json\/wp\/v2\/pages\/5273\/revisions\/5394"}],"wp:featuredmedia":[{"embeddable":true,"href":"https:\/\/maggiecofornos.com.br\/es\/wp-json\/wp\/v2\/media\/4515"}],"wp:attachment":[{"href":"https:\/\/maggiecofornos.com.br\/es\/wp-json\/wp\/v2\/media?parent=5273"}],"curies":[{"name":"wp","href":"https:\/\/api.w.org\/{rel}","templated":true}]}}