{"id":5368,"date":"2025-07-22T20:01:16","date_gmt":"2025-07-22T20:01:16","guid":{"rendered":"https:\/\/maggiecofornos.com.br\/?page_id=5368"},"modified":"2025-07-22T20:04:09","modified_gmt":"2025-07-22T20:04:09","slug":"mg4","status":"publish","type":"page","link":"https:\/\/maggiecofornos.com.br\/es\/mg4\/","title":{"rendered":"MG4"},"content":{"rendered":"<section class=\"wpb-content-wrapper\"><section class=\"vc_section vc_custom_1753214107829 text-align-center-sm-ms\"><div class=\"vc_row wpb_row vc_row-fluid\"><div class=\"wpb_column vc_column_container vc_col-sm-12 vc_col-md-6 vc_col-has-fill bg-pos-left-center\"><div class=\"vc_column-inner vc_custom_1526670279260\"><div class=\"wpb_wrapper\"><div class=\"ltx-content-width col-align-left\" id=\"like_sc_header_1094464229\" style=\"max-width: 500px\"><div class=\"ltx-wrapper\"><div class=\"heading  heading-large header-subheader align-left color-black subcolor-main transform-default   vc_custom_1753214589572 heading-tag-h3\" id=\"like_sc_header_1689612824\"><h6 class=\"subheader ltx-sr-id-like_sc_header_1689612824255468096 ltx-sr ltx-sr-effect-slide_from_left ltx-sr-el-block ltx-sr-delay-300 ltx-sr-duration-700 ltx-sr-sequences-0\">HORNOS PARA CARB\u00d3N<\/h6><h3 class=\"header ltx-sr-id-like_sc_header_16896128241833712622 ltx-sr ltx-sr-effect-fade_in ltx-sr-el-block ltx-sr-delay-0 ltx-sr-duration-1000 ltx-sr-sequences-0\">MG4<\/h3><\/div><\/div><\/div><div class=\"ltx-content-width col-align-left\" id=\"like_sc_header_1392774053\" style=\"max-width: 660px\"><div class=\"ltx-wrapper\">\n\t<div class=\"wpb_text_column wpb_content_element\">\n\t\t<div class=\"wpb_wrapper\">\n\t\t\t<p>Lorem ipsum dolor sit amet, consectetur adipiscing elit. Proin facilisis metus vitae sapien cursus, at convallis nisl vehicula. Vivamus id urna non ligula ultrices semper. Pellentesque habitant morbi tristique senectus et netus et malesuada fames ac turpis egestas.<\/p>\n<p>Lorem ipsum dolor sit amet, consectetur adipiscing elit. Proin facilisis metus vitae sapien cursus, at convallis nisl vehicula. Vivamus id urna non ligula ultrices semper. Pellentesque habitant morbi tristique senectus et netus et malesuada fames ac turpis egestas.<\/p>\n<p>Lorem ipsum dolor sit amet, consectetur adipiscing elit. Proin facilisis metus vitae sapien cursus, at convallis nisl vehicula. Vivamus id urna non ligula ultrices semper. Pellentesque habitant morbi tristique senectus et netus et malesuada fames ac turpis egestas.<\/p>\n\n\t\t<\/div>\n\t<\/div>\n<\/div><\/div><div class=\"es-resp\">\t<div class=\"visible-xl\" style=\"height: 24px;\"><\/div>\t<div class=\"hidden-xl hidden-md hidden-sm hidden-ms hidden-xs\" style=\"height: 24px;\"><\/div>\t<div class=\"visible-md\" style=\"height: 24px;\"><\/div>\t<div class=\"visible-sm\" style=\"height: 24px;\"><\/div>\t<div class=\"visible-ms\" style=\"height: 24px;\"><\/div>\t<div class=\"visible-xs\" style=\"height: 24px;\"><\/div><\/div><div class=\"btn-wrap align-left\"><a href=\"https:\/\/wa.me\/5519998842007\" class=\"btn  btn-xs btn-default color-hover-default align-left api-infos-body-card-btn  vc_custom_1753213211099\" id=\"like_sc_button_205639436\">Contato Whatsapp<\/a><\/div><\/div><\/div><\/div><div class=\"wpb_column vc_column_container vc_col-sm-12 vc_col-md-6\"><div class=\"vc_column-inner\"><div class=\"wpb_wrapper\"><div class=\"es-resp\">\t<div class=\"visible-xl\" style=\"height: 48px;\"><\/div>\t<div class=\"hidden-xl hidden-md hidden-sm hidden-ms hidden-xs\" style=\"height: 48px;\"><\/div>\t<div class=\"visible-md\" style=\"height: 48px;\"><\/div>\t<div class=\"visible-sm\" style=\"height: 48px;\"><\/div>\t<div class=\"visible-ms\" style=\"height: 48px;\"><\/div>\t<div class=\"visible-xs\" style=\"height: 48px;\"><\/div><\/div>\n\t<div  class=\"wpb_single_image wpb_content_element vc_align_left  wpb_animate_when_almost_visible wpb_slideInLeft slideInLeft  ltx-about-1\">\n\t\t\n\t\t<figure class=\"wpb_wrapper vc_figure\">\n\t\t\t<div class=\"vc_single_image-wrapper vc_box_shadow_border  vc_box_border_grey\"><img width=\"300\" height=\"169\" src=\"https:\/\/maggiecofornos.com.br\/wp-content\/uploads\/2023\/06\/DJI_0010-1-1-300x169.jpg\" class=\"vc_single_image-img attachment-medium\" alt=\"\" decoding=\"async\" loading=\"lazy\" title=\"\" srcset=\"https:\/\/maggiecofornos.com.br\/wp-content\/uploads\/2023\/06\/DJI_0010-1-1-300x169.jpg 300w, https:\/\/maggiecofornos.com.br\/wp-content\/uploads\/2023\/06\/DJI_0010-1-1-768x432.jpg 768w, https:\/\/maggiecofornos.com.br\/wp-content\/uploads\/2023\/06\/DJI_0010-1-1-600x337.jpg 600w, https:\/\/maggiecofornos.com.br\/wp-content\/uploads\/2023\/06\/DJI_0010-1-1.jpg 998w\" sizes=\"(max-width: 300px) 100vw, 300px\" \/><\/div>\n\t\t<\/figure>\n\t<\/div>\n\n\t<div  class=\"wpb_single_image wpb_content_element vc_align_right  wpb_animate_when_almost_visible wpb_slideInRight slideInRight  ltx-about-2\">\n\t\t\n\t\t<figure class=\"wpb_wrapper vc_figure\">\n\t\t\t<div class=\"vc_single_image-wrapper vc_box_shadow_border  vc_box_border_grey\"><img width=\"472\" height=\"444\" src=\"https:\/\/maggiecofornos.com.br\/wp-content\/uploads\/2018\/04\/about-house-2.jpg\" class=\"vc_single_image-img attachment-full\" alt=\"\" decoding=\"async\" loading=\"lazy\" title=\"\" srcset=\"https:\/\/maggiecofornos.com.br\/wp-content\/uploads\/2018\/04\/about-house-2.jpg 472w, https:\/\/maggiecofornos.com.br\/wp-content\/uploads\/2018\/04\/about-house-2-300x282.jpg 300w, https:\/\/maggiecofornos.com.br\/wp-content\/uploads\/2018\/04\/about-house-2-24x24.jpg 24w\" sizes=\"(max-width: 472px) 100vw, 472px\" \/><\/div>\n\t\t<\/figure>\n\t<\/div>\n\n\t<div  class=\"wpb_single_image wpb_content_element vc_align_center  wpb_animate_when_almost_visible wpb_slideInUp slideInUp  ltx-about-3\">\n\t\t\n\t\t<figure class=\"wpb_wrapper vc_figure\">\n\t\t\t<div class=\"vc_single_image-wrapper vc_box_shadow_border  vc_box_border_grey\"><img width=\"1716\" height=\"1144\" src=\"https:\/\/maggiecofornos.com.br\/wp-content\/uploads\/2018\/05\/IGR00274.jpg\" class=\"vc_single_image-img attachment-full\" alt=\"\" decoding=\"async\" loading=\"lazy\" title=\"\" srcset=\"https:\/\/maggiecofornos.com.br\/wp-content\/uploads\/2018\/05\/IGR00274.jpg 1716w, https:\/\/maggiecofornos.com.br\/wp-content\/uploads\/2018\/05\/IGR00274-300x200.jpg 300w, https:\/\/maggiecofornos.com.br\/wp-content\/uploads\/2018\/05\/IGR00274-1024x683.jpg 1024w, https:\/\/maggiecofornos.com.br\/wp-content\/uploads\/2018\/05\/IGR00274-768x512.jpg 768w, https:\/\/maggiecofornos.com.br\/wp-content\/uploads\/2018\/05\/IGR00274-1536x1024.jpg 1536w, https:\/\/maggiecofornos.com.br\/wp-content\/uploads\/2018\/05\/IGR00274-600x400.jpg 600w\" sizes=\"(max-width: 1716px) 100vw, 1716px\" \/><\/div>\n\t\t<\/figure>\n\t<\/div>\n<\/div><\/div><\/div><\/div><\/section><section data-vc-full-width=\"true\" data-vc-full-width-init=\"false\" class=\"vc_section vc_custom_1753212884212 vc_section-has-fill\"><div class=\"vc_row wpb_row vc_row-fluid\"><div class=\"wpb_column vc_column_container vc_col-sm-12\"><div class=\"vc_column-inner\"><div class=\"wpb_wrapper\"><div class=\"heading  default align-center color-black transform-default heading-tag-h2\" id=\"like_sc_header_1553119771\"><h6 class=\"subheader ltx-sr-id-like_sc_header_15531197711376914410 ltx-sr ltx-sr-effect-slide_from_left ltx-sr-el-block ltx-sr-delay-300 ltx-sr-duration-700 ltx-sr-sequences-0\">FORNO MG4<\/h6><h2 class=\"header ltx-sr-id-like_sc_header_15531197711999300131 ltx-sr ltx-sr-effect-fade_in ltx-sr-el-block ltx-sr-delay-0 ltx-sr-duration-1000 ltx-sr-sequences-0\">Capacidad productiva<\/h2><\/div><\/div><\/div><\/div><\/div><div class=\"vc_row wpb_row vc_row-fluid vc_row-o-content-middle vc_row-flex text-align-center-sm-ms\"><div class=\"wpb_column vc_column_container vc_col-sm-12 vc_col-lg-4 vc_col-md-4\"><div class=\"vc_column-inner\"><div class=\"wpb_wrapper\">\n\t<div  class=\"wpb_single_image wpb_content_element vc_align_center\">\n\t\t\n\t\t<figure class=\"wpb_wrapper vc_figure\">\n\t\t\t<div class=\"vc_single_image-wrapper vc_box_circle  vc_box_border_grey\"><img class=\"vc_single_image-img\" src=\"https:\/\/maggiecofornos.com.br\/wp-content\/uploads\/2023\/06\/galeria-2-scaled-1724x1724.jpg\" width=\"1724\" height=\"1724\" alt=\"18M ESTEROS DE LENHAPodem ocorrer varia\u00e7\u00f5es de acordo com a madeira utilizada\" title=\"\" \/><\/div>\n\t\t<\/figure>\n\t<\/div>\n\n\t<div class=\"wpb_text_column wpb_content_element\" >\n\t\t<div class=\"wpb_wrapper\">\n\t\t\t<p style=\"text-align: center;\"><strong>18M est\u00e9reos de le\u00f1a<\/strong><br \/>\nPueden ocurrir variaciones<br \/>\nde acuerdo con la madera utilizada<br \/>\nutilizada<\/p>\n\n\t\t<\/div>\n\t<\/div>\n<\/div><\/div><\/div><div class=\"wpb_column vc_column_container vc_col-sm-6 vc_col-lg-4 vc_col-md-4\"><div class=\"vc_column-inner\"><div class=\"wpb_wrapper\">\n\t<div  class=\"wpb_single_image wpb_content_element vc_align_center\">\n\t\t\n\t\t<figure class=\"wpb_wrapper vc_figure\">\n\t\t\t<div class=\"vc_single_image-wrapper vc_box_circle  vc_box_border_grey\"><img class=\"vc_single_image-img\" src=\"https:\/\/maggiecofornos.com.br\/wp-content\/uploads\/2018\/05\/IGR00274-1144x1144.jpg\" width=\"1144\" height=\"1144\" alt=\"2.100KG*  CARV\u00c3O (M\u00c9DIA)Teor de materiais vol\u00e1teis:12,07% Teor de cinza:0,84% Teor de carbono fixo:87,09%\" title=\"\" \/><\/div>\n\t\t<\/figure>\n\t<\/div>\n\n\t<div class=\"wpb_text_column wpb_content_element\" >\n\t\t<div class=\"wpb_wrapper\">\n\t\t\t<p style=\"text-align: center;\"><strong>2.100KG* CARV\u00c3O (M\u00c9DIA)<\/strong><br \/>\nTeor de materiales vol\u00e1tiles: 12,07%<br \/>\nTeor de ceniza: 0,84%<br \/>\nTeor de carbono fijo: 87,09%<\/p>\n\n\t\t<\/div>\n\t<\/div>\n<\/div><\/div><\/div><div class=\"wpb_column vc_column_container vc_col-sm-6 vc_col-lg-4 vc_col-md-4\"><div class=\"vc_column-inner\"><div class=\"wpb_wrapper\">\n\t<div  class=\"wpb_single_image wpb_content_element vc_align_center\">\n\t\t\n\t\t<figure class=\"wpb_wrapper vc_figure\">\n\t\t\t<div class=\"vc_single_image-wrapper vc_box_circle  vc_box_border_grey\"><img class=\"vc_single_image-img\" src=\"https:\/\/maggiecofornos.com.br\/wp-content\/uploads\/2018\/02\/IGR00014-1024x682-1-682x682.jpg\" width=\"682\" height=\"682\" alt=\"A Maggieco Fornos apresenta ao mercado fornos que contam com tecnologia aplicada para fomentar o desenvolvimento sustent\u00e1vel. (Igor Neves\/Forest News)\" title=\"\" \/><\/div>\n\t\t<\/figure>\n\t<\/div>\n\n\t<div class=\"wpb_text_column wpb_content_element\" >\n\t\t<div class=\"wpb_wrapper\">\n\t\t\t<p style=\"text-align: center;\"><strong>1.300 LITROS* EXTRATO PIROLENHOSO (M\u00c9DIA)<\/strong><br \/>\nPH 2,87\/3,03<br \/>\nDensidade: 1,03<br \/>\nColor: amarillo\/marr\u00f3n<\/p>\n\n\t\t<\/div>\n\t<\/div>\n<\/div><\/div><\/div><\/div><\/section><div class=\"vc_row-full-width vc_clearfix\"><\/div><section class=\"vc_section vc_custom_1753214434717\"><div class=\"vc_row wpb_row vc_row-fluid\"><div class=\"wpb_column vc_column_container vc_col-sm-6\"><div class=\"vc_column-inner\"><div class=\"wpb_wrapper\"><div class=\"heading  default align-left color-black transform-default heading-tag-h2\" id=\"like_sc_header_770298793\"><h2 class=\"header ltx-sr-id-like_sc_header_770298793551742902 ltx-sr ltx-sr-effect-fade_in ltx-sr-el-block ltx-sr-delay-0 ltx-sr-duration-1000 ltx-sr-sequences-0\">N\u00fameros<\/h2><\/div>\n\t<div class=\"wpb_text_column wpb_content_element\" >\n\t\t<div class=\"wpb_wrapper\">\n\t\t\t<p>Lorem ipsum dolor sit amet, consectetur adipiscing elit. Proin facilisis metus vitae sapien cursus, at convallis nisl vehicula. Vivamus id urna non ligula ultrices semper. Pellentesque habitant morbi tristique senectus et netus et malesuada fames ac turpis egestas.<\/p>\n<p>Lorem ipsum dolor sit amet, consectetur adipiscing elit. Proin facilisis metus vitae sapien cursus, at convallis nisl vehicula. Vivamus id urna non ligula ultrices semper. Pellentesque habitant morbi tristique senectus et netus et malesuada fames ac turpis egestas.<\/p>\n<p>Lorem ipsum dolor sit amet, consectetur adipiscing elit. Proin facilisis metus vitae sapien cursus, at convallis nisl vehicula. Vivamus id urna non ligula ultrices semper. Pellentesque habitant morbi tristique senectus et netus et malesuada fames ac turpis egestas.<\/p>\n\n\t\t<\/div>\n\t<\/div>\n<div class=\"vc_progress_bar wpb_content_element vc_custom_1753213882860  vc_progress-bar-color-bar_black\" ><div class=\"vc_general vc_single_bar vc_progress-bar-color-bar_red\"><small class=\"vc_label\">Efici\u00eancia energ\u00e9tica <span class=\"vc_label_units\">95%<\/span><\/small><span class=\"vc_bar\" data-percentage-value=\"95\" data-value=\"95\"><\/span><\/div><div class=\"vc_general vc_single_bar vc_progress-bar-color-violet\"><small class=\"vc_label\">Baixo desperd\u00edcio de madeira <span class=\"vc_label_units\">90%<\/span><\/small><span class=\"vc_bar\" data-percentage-value=\"90\" data-value=\"90\"><\/span><\/div><div class=\"vc_general vc_single_bar vc_progress-bar-color-bar_green\"><small class=\"vc_label\">Qualidade do carv\u00e3o <span class=\"vc_label_units\">98%<\/span><\/small><span class=\"vc_bar\" data-percentage-value=\"98\" data-value=\"98\"><\/span><\/div><div class=\"vc_general vc_single_bar vc_progress-bar-color-bar_green\"><small class=\"vc_label\">Pureza do extrato pirolenhoso <span class=\"vc_label_units\">96%<\/span><\/small><span class=\"vc_bar\" data-percentage-value=\"96\" data-value=\"96\"><\/span><\/div><div class=\"vc_general vc_single_bar vc_progress-bar-color-bar_green\"><small class=\"vc_label\">Estabilidade da produ\u00e7\u00e3o <span class=\"vc_label_units\">92%<\/span><\/small><span class=\"vc_bar\" data-percentage-value=\"92\" data-value=\"92\"><\/span><\/div><div class=\"vc_general vc_single_bar vc_progress-bar-color-bar_green\"><small class=\"vc_label\">Redu\u00e7\u00e3o de res\u00edduos <span class=\"vc_label_units\">85%<\/span><\/small><span class=\"vc_bar\" data-percentage-value=\"85\" data-value=\"85\"><\/span><\/div><\/div><\/div><\/div><\/div><div class=\"wpb_column vc_column_container vc_col-sm-6\"><div class=\"vc_column-inner\"><div class=\"wpb_wrapper\"><div class=\"heading  default align-center color-black transform-default heading-tag-h2\" id=\"like_sc_header_966776786\"><h2 class=\"header ltx-sr-id-like_sc_header_966776786683377411 ltx-sr ltx-sr-effect-fade_in ltx-sr-el-block ltx-sr-delay-0 ltx-sr-duration-1000 ltx-sr-sequences-0\">CONTACTO<\/h2><\/div>\n\t<div class=\"wpb_text_column wpb_content_element\" >\n\t\t<div class=\"wpb_wrapper\">\n\t\t\t\n<div class=\"wpcf7 no-js\" id=\"wpcf7-f1555-o1\" lang=\"en-US\" dir=\"ltr\">\n<div class=\"screen-reader-response\"><p role=\"status\" aria-live=\"polite\" aria-atomic=\"true\"><\/p> <ul><\/ul><\/div>\n<form action=\"\/es\/wp-json\/wp\/v2\/pages\/5368#wpcf7-f1555-o1\" method=\"post\" class=\"wpcf7-form init\" aria-label=\"Contact form\" novalidate=\"novalidate\" data-status=\"init\" data-trp-original-action=\"\/es\/wp-json\/wp\/v2\/pages\/5368#wpcf7-f1555-o1\">\n<div style=\"display: none;\">\n<input type=\"hidden\" name=\"_wpcf7\" value=\"1555\" \/>\n<input type=\"hidden\" name=\"_wpcf7_version\" value=\"5.8\" \/>\n<input type=\"hidden\" name=\"_wpcf7_locale\" value=\"en_US\" \/>\n<input type=\"hidden\" name=\"_wpcf7_unit_tag\" value=\"wpcf7-f1555-o1\" \/>\n<input type=\"hidden\" name=\"_wpcf7_container_post\" value=\"0\" \/>\n<input type=\"hidden\" name=\"_wpcf7_posted_data_hash\" value=\"\" \/>\n<\/div>\n<p><label> Su nombre<br \/>\n<span class=\"wpcf7-form-control-wrap\" data-name=\"nome\"><input size=\"40\" class=\"wpcf7-form-control wpcf7-text wpcf7-validates-as-required\" aria-required=\"true\" aria-invalid=\"false\" value=\"\" type=\"text\" name=\"nome\" \/><\/span> <\/label>\n<\/p>\n<p><label> Su e-mail<br \/>\n<span class=\"wpcf7-form-control-wrap\" data-name=\"email\"><input size=\"40\" class=\"wpcf7-form-control wpcf7-email wpcf7-validates-as-required wpcf7-text wpcf7-validates-as-email\" aria-required=\"true\" aria-invalid=\"false\" value=\"\" type=\"email\" name=\"email\" \/><\/span> <\/label>\n<\/p>\n<p><label> Su tel\u00e9fono<br \/>\n<span class=\"wpcf7-form-control-wrap\" data-name=\"telefone\"><input size=\"40\" class=\"wpcf7-form-control wpcf7-text wpcf7-validates-as-required\" aria-required=\"true\" aria-invalid=\"false\" value=\"\" type=\"text\" name=\"telefone\" \/><\/span><\/label>\n<\/p>\n<p><label> Mensaje<br \/>\n<span class=\"wpcf7-form-control-wrap\" data-name=\"mensagem\"><textarea cols=\"40\" rows=\"10\" class=\"wpcf7-form-control wpcf7-textarea\" aria-invalid=\"false\" name=\"mensagem\"><\/textarea><\/span> <\/label>\n<\/p>\n<p><input class=\"wpcf7-form-control wpcf7-submit has-spinner\" type=\"submit\" value=\"Enviar\" \/>\n<\/p><div class=\"wpcf7-response-output\" aria-hidden=\"true\"><\/div>\n<input type=\"hidden\" name=\"trp-form-language\" value=\"es\"\/><\/form>\n<\/div>\n\n\n\t\t<\/div>\n\t<\/div>\n<\/div><\/div><\/div><\/div><\/section>\n<\/section>","protected":false},"excerpt":{"rendered":"Fornos para Carv\u00e3oMG4 Lorem ipsum dolor sit amet, consectetur adipiscing elit. Proin facilisis metus vitae sapien cursus, at convallis nisl vehicula. Vivamus id urna non ligula ultrices semper. Pellentesque habitant [...]","protected":false},"author":1,"featured_media":4515,"parent":0,"menu_order":0,"comment_status":"closed","ping_status":"closed","template":"","meta":[],"_links":{"self":[{"href":"https:\/\/maggiecofornos.com.br\/es\/wp-json\/wp\/v2\/pages\/5368"}],"collection":[{"href":"https:\/\/maggiecofornos.com.br\/es\/wp-json\/wp\/v2\/pages"}],"about":[{"href":"https:\/\/maggiecofornos.com.br\/es\/wp-json\/wp\/v2\/types\/page"}],"author":[{"embeddable":true,"href":"https:\/\/maggiecofornos.com.br\/es\/wp-json\/wp\/v2\/users\/1"}],"replies":[{"embeddable":true,"href":"https:\/\/maggiecofornos.com.br\/es\/wp-json\/wp\/v2\/comments?post=5368"}],"version-history":[{"count":4,"href":"https:\/\/maggiecofornos.com.br\/es\/wp-json\/wp\/v2\/pages\/5368\/revisions"}],"predecessor-version":[{"id":5380,"href":"https:\/\/maggiecofornos.com.br\/es\/wp-json\/wp\/v2\/pages\/5368\/revisions\/5380"}],"wp:featuredmedia":[{"embeddable":true,"href":"https:\/\/maggiecofornos.com.br\/es\/wp-json\/wp\/v2\/media\/4515"}],"wp:attachment":[{"href":"https:\/\/maggiecofornos.com.br\/es\/wp-json\/wp\/v2\/media?parent=5368"}],"curies":[{"name":"wp","href":"https:\/\/api.w.org\/{rel}","templated":true}]}}